{"id":11,"date":"2024-03-02T08:45:55","date_gmt":"2024-03-02T08:45:55","guid":{"rendered":"http:\/\/asctoastmasters.ca\/?page_id=11"},"modified":"2024-10-02T15:45:48","modified_gmt":"2024-10-02T15:45:48","slug":"toastmasters","status":"publish","type":"page","link":"https:\/\/asctoastmasters.ca\/fr\/toastmasters\/","title":{"rendered":"Toastmasters"},"content":{"rendered":"<div data-elementor-type=\"wp-page\" data-elementor-id=\"11\" class=\"elementor elementor-11\" data-elementor-post-type=\"page\">\n\t\t\t\t<div class=\"elementor-element elementor-element-92c68b3 e-flex e-con-boxed e-con e-parent\" data-id=\"92c68b3\" data-element_type=\"container\" data-e-type=\"container\" data-settings=\"{&quot;background_background&quot;:&quot;classic&quot;}\">\n\t\t\t\t\t<div class=\"e-con-inner\">\n\t\t<div class=\"elementor-element elementor-element-91457fa e-con-full e-flex e-con e-child\" data-id=\"91457fa\" data-element_type=\"container\" data-e-type=\"container\">\n\t\t\t\t<div class=\"elementor-element elementor-element-477b505 elementor-widget elementor-widget-heading\" data-id=\"477b505\" data-element_type=\"widget\" data-e-type=\"widget\" data-widget_type=\"heading.default\">\n\t\t\t\t\t<h2 class=\"elementor-heading-title elementor-size-default\">\u00c0 propos de Toastmasters International<\/h2>\t\t\t\t<\/div>\n\t\t\t\t<\/div>\n\t\t<div class=\"elementor-element elementor-element-98db953 e-con-full e-flex e-con e-child\" data-id=\"98db953\" data-element_type=\"container\" data-e-type=\"container\">\n\t\t\t\t<div class=\"elementor-element elementor-element-1401f3e elementor-align-right elementor-mobile-align-center elementor-widget elementor-widget-breadcrumbs\" data-id=\"1401f3e\" data-element_type=\"widget\" data-e-type=\"widget\" data-widget_type=\"breadcrumbs.default\">\n\t\t\t\t\t<p id=\"breadcrumbs\"><span><span><a href=\"http:\/\/asctoastmasters.ca\/fr\/\">Accueil<\/a><\/span><\/span><\/p>\t\t\t\t<\/div>\n\t\t\t\t<\/div>\n\t\t\t\t\t<\/div>\n\t\t\t\t<\/div>\n\t\t<div class=\"elementor-element elementor-element-c7e1d78 e-flex e-con-boxed e-con e-parent\" data-id=\"c7e1d78\" data-element_type=\"container\" data-e-type=\"container\">\n\t\t\t\t\t<div class=\"e-con-inner\">\n\t\t\t\t<div class=\"elementor-element elementor-element-e0961e3 elementor-widget elementor-widget-text-editor\" data-id=\"e0961e3\" data-element_type=\"widget\" data-e-type=\"widget\" data-widget_type=\"text-editor.default\">\n\t\t\t\t\t\t\t\t\t<p>Toastmasters International est une organisation \u00e9ducative \u00e0 but non lucratif qui enseigne les comp\u00e9tences de prise de parole en public et de leadership \u00e0 travers un r\u00e9seau mondial de clubs. Bas\u00e9e \u00e0 Englewood, Colorado, l'organisation compte plus de 270 000 membres r\u00e9partis dans plus de 14 200 clubs dans 150 pays.<\/p>\n<p>Depuis 1924, Toastmasters a fourni \u00e0 peu de frais les outils permettant \u00e0 tous de s'exprimer efficacement et ais\u00e9ment devant un public. Toastmasters aide les gens \u00e0 d\u00e9velopper l\u2019art de la communication et du leadership dans un contexte structur\u00e9 mais surtout tr\u00e8s amical. Chaque membre est invit\u00e9, sur une base volontaire, \u00e0 prendre un ou des r\u00f4les pr\u00e9d\u00e9finis pour chacune des r\u00e9unions ou \u00e0 faire des discours.<\/p>\t\t\t\t\t\t\t\t<\/div>\n\t\t\t\t<div class=\"elementor-element elementor-element-494439e elementor-align-left elementor-widget elementor-widget-button\" data-id=\"494439e\" data-element_type=\"widget\" data-e-type=\"widget\" data-widget_type=\"button.default\">\n\t\t\t\t\t\t\t\t\t\t<a class=\"elementor-button elementor-button-link elementor-size-sm\" href=\"http:\/\/www.toastmasters.org\/about\/history.aspx\">\n\t\t\t\t\t\t<span class=\"elementor-button-content-wrapper\">\n\t\t\t\t\t\t\t\t\t<span class=\"elementor-button-text\">En conna\u00eetre plus...<\/span>\n\t\t\t\t\t<\/span>\n\t\t\t\t\t<\/a>\n\t\t\t\t\t\t\t\t<\/div>\n\t\t\t\t<div class=\"elementor-element elementor-element-0b0ffa5 elementor-widget elementor-widget-text-editor\" data-id=\"0b0ffa5\" data-element_type=\"widget\" data-e-type=\"widget\" data-widget_type=\"text-editor.default\">\n\t\t\t\t\t\t\t\t\t<h3><strong>Toastmasters International<\/strong><\/h3><p>www.toastmasters.org<\/p><h3><strong>District 61<\/strong><\/h3><p><a href=\"http:\/\/www.tmd61.com\" target=\"_blank\" rel=\"noopener\"><span style=\"font-size: large;\">www.tmd61.com<\/span><\/a><\/p>\t\t\t\t\t\t\t\t<\/div>\n\t\t\t\t\t<\/div>\n\t\t\t\t<\/div>\n\t\t\t\t<\/div>","protected":false},"excerpt":{"rendered":"<p>\u200bAbout Toastmasters International Toastmasters International is a nonprofit educational organization that teaches public speaking&nbsp;and leadership skills through a worldwide network of clubs. Headquartered in Englewood, Colorado,&nbsp;the organization&#8217;s membership exceeds 270,000 in more than 14,200 clubs in 150 countries. Since 1924, Toastmasters International has provided to its members at low cost the tools to&nbsp;speak in public [&hellip;]<\/p>\n","protected":false},"author":1,"featured_media":0,"parent":0,"menu_order":0,"comment_status":"closed","ping_status":"closed","template":"","meta":{"footnotes":""},"class_list":["post-11","page","type-page","status-publish","hentry"],"yoast_head":"<!-- This site is optimized with the Yoast SEO plugin v27.4 - https:\/\/yoast.com\/product\/yoast-seo-wordpress\/ -->\n<title>Toastmasters - Club Toastmasters ASC<\/title>\n<meta name=\"robots\" content=\"index, follow, max-snippet:-1, max-image-preview:large, max-video-preview:-1\" \/>\n<link rel=\"canonical\" href=\"http:\/\/asctoastmasters.ca\/fr\/toastmasters\/\" \/>\n<meta property=\"og:locale\" content=\"fr_FR\" \/>\n<meta property=\"og:type\" content=\"article\" \/>\n<meta property=\"og:title\" content=\"Toastmasters - Club Toastmasters ASC\" \/>\n<meta property=\"og:description\" content=\"\u200bAbout Toastmasters International Toastmasters International is a nonprofit educational organization that teaches public speaking&nbsp;and leadership skills through a worldwide network of clubs. Headquartered in Englewood, Colorado,&nbsp;the organization&#8217;s membership exceeds 270,000 in more than 14,200 clubs in 150 countries. Since 1924, Toastmasters International has provided to its members at low cost the tools to&nbsp;speak in public [&hellip;]\" \/>\n<meta property=\"og:url\" content=\"http:\/\/asctoastmasters.ca\/fr\/toastmasters\/\" \/>\n<meta property=\"og:site_name\" content=\"Club Toastmasters ASC\" \/>\n<meta property=\"article:modified_time\" content=\"2024-10-02T15:45:48+00:00\" \/>\n<meta name=\"twitter:card\" content=\"summary_large_image\" \/>\n<meta name=\"twitter:label1\" content=\"Dur\u00e9e de lecture estim\u00e9e\" \/>\n\t<meta name=\"twitter:data1\" content=\"1 minute\" \/>\n<script type=\"application\/ld+json\" class=\"yoast-schema-graph\">{\"@context\":\"https:\\\/\\\/schema.org\",\"@graph\":[{\"@type\":\"WebPage\",\"@id\":\"http:\\\/\\\/asctoastmasters.ca\\\/fr\\\/toastmasters\\\/\",\"url\":\"http:\\\/\\\/asctoastmasters.ca\\\/fr\\\/toastmasters\\\/\",\"name\":\"Toastmasters - Club Toastmasters ASC\",\"isPartOf\":{\"@id\":\"https:\\\/\\\/asctoastmasters.ca\\\/fr\\\/#website\"},\"datePublished\":\"2024-03-02T08:45:55+00:00\",\"dateModified\":\"2024-10-02T15:45:48+00:00\",\"breadcrumb\":{\"@id\":\"http:\\\/\\\/asctoastmasters.ca\\\/fr\\\/toastmasters\\\/#breadcrumb\"},\"inLanguage\":\"fr-FR\",\"potentialAction\":[{\"@type\":\"ReadAction\",\"target\":[\"http:\\\/\\\/asctoastmasters.ca\\\/fr\\\/toastmasters\\\/\"]}]},{\"@type\":\"BreadcrumbList\",\"@id\":\"http:\\\/\\\/asctoastmasters.ca\\\/fr\\\/toastmasters\\\/#breadcrumb\",\"itemListElement\":[{\"@type\":\"ListItem\",\"position\":1,\"name\":\"Home\",\"item\":\"http:\\\/\\\/asctoastmasters.ca\\\/fr\\\/\"},{\"@type\":\"ListItem\",\"position\":2,\"name\":\"Toastmasters\"}]},{\"@type\":\"WebSite\",\"@id\":\"https:\\\/\\\/asctoastmasters.ca\\\/fr\\\/#website\",\"url\":\"https:\\\/\\\/asctoastmasters.ca\\\/fr\\\/\",\"name\":\"Club Toastmasters ASC\",\"description\":\"\",\"publisher\":{\"@id\":\"https:\\\/\\\/asctoastmasters.ca\\\/fr\\\/#organization\"},\"potentialAction\":[{\"@type\":\"SearchAction\",\"target\":{\"@type\":\"EntryPoint\",\"urlTemplate\":\"https:\\\/\\\/asctoastmasters.ca\\\/fr\\\/?s={search_term_string}\"},\"query-input\":{\"@type\":\"PropertyValueSpecification\",\"valueRequired\":true,\"valueName\":\"search_term_string\"}}],\"inLanguage\":\"fr-FR\"},{\"@type\":\"Organization\",\"@id\":\"https:\\\/\\\/asctoastmasters.ca\\\/fr\\\/#organization\",\"name\":\"Club Toastmasters ASC\",\"url\":\"https:\\\/\\\/asctoastmasters.ca\\\/fr\\\/\",\"logo\":{\"@type\":\"ImageObject\",\"inLanguage\":\"fr-FR\",\"@id\":\"https:\\\/\\\/asctoastmasters.ca\\\/fr\\\/#\\\/schema\\\/logo\\\/image\\\/\",\"url\":\"https:\\\/\\\/asctoastmasters.ca\\\/wp-content\\\/uploads\\\/2024\\\/03\\\/toastmasters-2011_orig.png\",\"contentUrl\":\"https:\\\/\\\/asctoastmasters.ca\\\/wp-content\\\/uploads\\\/2024\\\/03\\\/toastmasters-2011_orig.png\",\"width\":337,\"height\":295,\"caption\":\"Club Toastmasters ASC\"},\"image\":{\"@id\":\"https:\\\/\\\/asctoastmasters.ca\\\/fr\\\/#\\\/schema\\\/logo\\\/image\\\/\"}}]}<\/script>\n<!-- \/ Yoast SEO plugin. -->","yoast_head_json":{"title":"Toastmasters - Club Toastmasters ASC","robots":{"index":"index","follow":"follow","max-snippet":"max-snippet:-1","max-image-preview":"max-image-preview:large","max-video-preview":"max-video-preview:-1"},"canonical":"http:\/\/asctoastmasters.ca\/fr\/toastmasters\/","og_locale":"fr_FR","og_type":"article","og_title":"Toastmasters - Club Toastmasters ASC","og_description":"\u200bAbout Toastmasters International Toastmasters International is a nonprofit educational organization that teaches public speaking&nbsp;and leadership skills through a worldwide network of clubs. Headquartered in Englewood, Colorado,&nbsp;the organization&#8217;s membership exceeds 270,000 in more than 14,200 clubs in 150 countries. Since 1924, Toastmasters International has provided to its members at low cost the tools to&nbsp;speak in public [&hellip;]","og_url":"http:\/\/asctoastmasters.ca\/fr\/toastmasters\/","og_site_name":"Club Toastmasters ASC","article_modified_time":"2024-10-02T15:45:48+00:00","twitter_card":"summary_large_image","twitter_misc":{"Dur\u00e9e de lecture estim\u00e9e":"1 minute"},"schema":{"@context":"https:\/\/schema.org","@graph":[{"@type":"WebPage","@id":"http:\/\/asctoastmasters.ca\/fr\/toastmasters\/","url":"http:\/\/asctoastmasters.ca\/fr\/toastmasters\/","name":"Toastmasters - Club Toastmasters ASC","isPartOf":{"@id":"https:\/\/asctoastmasters.ca\/fr\/#website"},"datePublished":"2024-03-02T08:45:55+00:00","dateModified":"2024-10-02T15:45:48+00:00","breadcrumb":{"@id":"http:\/\/asctoastmasters.ca\/fr\/toastmasters\/#breadcrumb"},"inLanguage":"fr-FR","potentialAction":[{"@type":"ReadAction","target":["http:\/\/asctoastmasters.ca\/fr\/toastmasters\/"]}]},{"@type":"BreadcrumbList","@id":"http:\/\/asctoastmasters.ca\/fr\/toastmasters\/#breadcrumb","itemListElement":[{"@type":"ListItem","position":1,"name":"Home","item":"http:\/\/asctoastmasters.ca\/fr\/"},{"@type":"ListItem","position":2,"name":"Toastmasters"}]},{"@type":"WebSite","@id":"https:\/\/asctoastmasters.ca\/fr\/#website","url":"https:\/\/asctoastmasters.ca\/fr\/","name":"Club Toastmasters ASC","description":"","publisher":{"@id":"https:\/\/asctoastmasters.ca\/fr\/#organization"},"potentialAction":[{"@type":"SearchAction","target":{"@type":"EntryPoint","urlTemplate":"https:\/\/asctoastmasters.ca\/fr\/?s={search_term_string}"},"query-input":{"@type":"PropertyValueSpecification","valueRequired":true,"valueName":"search_term_string"}}],"inLanguage":"fr-FR"},{"@type":"Organization","@id":"https:\/\/asctoastmasters.ca\/fr\/#organization","name":"Club Toastmasters ASC","url":"https:\/\/asctoastmasters.ca\/fr\/","logo":{"@type":"ImageObject","inLanguage":"fr-FR","@id":"https:\/\/asctoastmasters.ca\/fr\/#\/schema\/logo\/image\/","url":"https:\/\/asctoastmasters.ca\/wp-content\/uploads\/2024\/03\/toastmasters-2011_orig.png","contentUrl":"https:\/\/asctoastmasters.ca\/wp-content\/uploads\/2024\/03\/toastmasters-2011_orig.png","width":337,"height":295,"caption":"Club Toastmasters ASC"},"image":{"@id":"https:\/\/asctoastmasters.ca\/fr\/#\/schema\/logo\/image\/"}}]}},"_links":{"self":[{"href":"https:\/\/asctoastmasters.ca\/fr\/wp-json\/wp\/v2\/pages\/11","targetHints":{"allow":["GET"]}}],"collection":[{"href":"https:\/\/asctoastmasters.ca\/fr\/wp-json\/wp\/v2\/pages"}],"about":[{"href":"https:\/\/asctoastmasters.ca\/fr\/wp-json\/wp\/v2\/types\/page"}],"author":[{"embeddable":true,"href":"https:\/\/asctoastmasters.ca\/fr\/wp-json\/wp\/v2\/users\/1"}],"replies":[{"embeddable":true,"href":"https:\/\/asctoastmasters.ca\/fr\/wp-json\/wp\/v2\/comments?post=11"}],"version-history":[{"count":55,"href":"https:\/\/asctoastmasters.ca\/fr\/wp-json\/wp\/v2\/pages\/11\/revisions"}],"predecessor-version":[{"id":1070,"href":"https:\/\/asctoastmasters.ca\/fr\/wp-json\/wp\/v2\/pages\/11\/revisions\/1070"}],"wp:attachment":[{"href":"https:\/\/asctoastmasters.ca\/fr\/wp-json\/wp\/v2\/media?parent=11"}],"curies":[{"name":"wp","href":"https:\/\/api.w.org\/{rel}","templated":true}]}}