{"id":13,"date":"2024-03-02T08:46:06","date_gmt":"2024-03-02T08:46:06","guid":{"rendered":"http:\/\/asctoastmasters.ca\/?page_id=13"},"modified":"2024-10-02T16:27:01","modified_gmt":"2024-10-02T16:27:01","slug":"our-club","status":"publish","type":"page","link":"https:\/\/asctoastmasters.ca\/fr\/our-club\/","title":{"rendered":"Notre club"},"content":{"rendered":"<div data-elementor-type=\"wp-page\" data-elementor-id=\"13\" class=\"elementor elementor-13\" data-elementor-post-type=\"page\">\n\t\t\t\t<div class=\"elementor-element elementor-element-21b49b0 e-flex e-con-boxed e-con e-parent\" data-id=\"21b49b0\" data-element_type=\"container\" data-e-type=\"container\" data-settings=\"{&quot;background_background&quot;:&quot;classic&quot;}\">\n\t\t\t\t\t<div class=\"e-con-inner\">\n\t\t<div class=\"elementor-element elementor-element-8f591d3 e-con-full e-flex e-con e-child\" data-id=\"8f591d3\" data-element_type=\"container\" data-e-type=\"container\">\n\t\t\t\t<div class=\"elementor-element elementor-element-841bb25 elementor-widget elementor-widget-heading\" data-id=\"841bb25\" data-element_type=\"widget\" data-e-type=\"widget\" data-widget_type=\"heading.default\">\n\t\t\t\t\t<h2 class=\"elementor-heading-title elementor-size-default\">Club Toastmasters ASC<\/h2>\t\t\t\t<\/div>\n\t\t\t\t<\/div>\n\t\t<div class=\"elementor-element elementor-element-50c3a0b e-con-full e-flex e-con e-child\" data-id=\"50c3a0b\" data-element_type=\"container\" data-e-type=\"container\">\n\t\t\t\t<div class=\"elementor-element elementor-element-7ffd035 elementor-align-right elementor-mobile-align-center elementor-widget elementor-widget-breadcrumbs\" data-id=\"7ffd035\" data-element_type=\"widget\" data-e-type=\"widget\" data-widget_type=\"breadcrumbs.default\">\n\t\t\t\t\t<p id=\"breadcrumbs\"><span><span><a href=\"https:\/\/asctoastmasters.ca\/fr\/\">Accueil<\/a><\/span><\/span><\/p>\t\t\t\t<\/div>\n\t\t\t\t<\/div>\n\t\t\t\t\t<\/div>\n\t\t\t\t<\/div>\n\t\t<div class=\"elementor-element elementor-element-5268fbc e-flex e-con-boxed e-con e-parent\" data-id=\"5268fbc\" data-element_type=\"container\" data-e-type=\"container\">\n\t\t\t\t\t<div class=\"e-con-inner\">\n\t\t\t\t<div class=\"elementor-element elementor-element-2574e72 elementor-widget elementor-widget-text-editor\" data-id=\"2574e72\" data-element_type=\"widget\" data-e-type=\"widget\" data-widget_type=\"text-editor.default\">\n\t\t\t\t\t\t\t\t\t<div class=\"paragraph\">Une des particularit\u00e9s de ce Club est son statut bilingue. Les membres sont invit\u00e9s \u00e0 s'exprimer dans la langue de leur choix lors de toutes leurs interventions. \n\nDepuis 2002, le club Toastmasters ASC permet aux r\u00e9sidents de la Mont\u00e9r\u00e9gie de d\u00e9velopper la confiance  n\u00e9cessaire pour parler en public et d'affirmer leur qualit\u00e9 de leadership.<\/div><h2 class=\"wsite-content-title\">Notre mission<\/h2><div class=\"paragraph\">Notre mission est d'offrir un environnement d'apprentissage dans lequel les membres s'encouragent mutuellement de fa\u00e7on positive afin de permettre \u00e0 chacun d'am\u00e9liorer ses capacit\u00e9s de communicateur et de leader, ce qui g\u00e9n\u00e9rera confiance en soi et d\u00e9veloppement personnel. Chacun des membres avance \u00e0 son rythme.<\/div><h2 class=\"wsite-content-title\">Nos valeurs<\/h2><div class=\"paragraph\"><p>ASC Toastmasters Club partage les m\u00eames valeurs que Toastmasters International qui sont (R.I.S.E.)\u00a0<\/p><ul><li>Respect<\/li><li>\u00a0Int\u00e9grit\u00e9<\/li><li>Service<\/li><li>Excellence<\/li><\/ul><\/div>\t\t\t\t\t\t\t\t<\/div>\n\t\t\t\t<div class=\"elementor-element elementor-element-20f7f8a elementor-widget elementor-widget-heading\" data-id=\"20f7f8a\" data-element_type=\"widget\" data-e-type=\"widget\" data-widget_type=\"heading.default\">\n\t\t\t\t\t<h2 class=\"elementor-heading-title elementor-size-default\">Membres du Comit\u00e9 Ex\u00e9cutif 2024-2025<\/h2>\t\t\t\t<\/div>\n\t\t\t\t\t<\/div>\n\t\t\t\t<\/div>\n\t\t<div class=\"elementor-element elementor-element-37300d7 e-flex e-con-boxed e-con e-parent\" data-id=\"37300d7\" data-element_type=\"container\" data-e-type=\"container\" data-settings=\"{&quot;background_background&quot;:&quot;classic&quot;}\">\n\t\t\t\t\t<div class=\"e-con-inner\">\n\t\t<div class=\"elementor-element elementor-element-0bae092 e-con-full e-flex e-con e-child\" data-id=\"0bae092\" data-element_type=\"container\" data-e-type=\"container\">\n\t\t\t\t<div class=\"elementor-element elementor-element-e99ef82 elementor-widget elementor-widget-image\" data-id=\"e99ef82\" data-element_type=\"widget\" data-e-type=\"widget\" data-widget_type=\"image.default\">\n\t\t\t\t\t\t\t\t\t\t\t\t\t\t\t<img fetchpriority=\"high\" decoding=\"async\" width=\"769\" height=\"719\" src=\"https:\/\/asctoastmasters.ca\/wp-content\/uploads\/2024\/03\/FireShot-Capture-338-ce-photo-des-officiers-en_orig.png-1022\u00d7672-www.asctoastmasters.ca_.png\" class=\"attachment-large size-large wp-image-159\" alt=\"\" \/>\t\t\t\t\t\t\t\t\t\t\t\t\t\t\t<\/div>\n\t\t\t\t<div class=\"elementor-element elementor-element-d47236a elementor-widget elementor-widget-text-editor\" data-id=\"d47236a\" data-element_type=\"widget\" data-e-type=\"widget\" data-widget_type=\"text-editor.default\">\n\t\t\t\t\t\t\t\t\t<p style=\"text-align: center;\"><b>St\u00e9phane Gendron<\/b><\/p>\t\t\t\t\t\t\t\t<\/div>\n\t\t\t\t<\/div>\n\t\t<div class=\"elementor-element elementor-element-8f3a7b6 e-con-full e-flex e-con e-child\" data-id=\"8f3a7b6\" data-element_type=\"container\" data-e-type=\"container\">\n\t\t\t\t<div class=\"elementor-element elementor-element-b1408ad elementor-widget elementor-widget-text-editor\" data-id=\"b1408ad\" data-element_type=\"widget\" data-e-type=\"widget\" data-widget_type=\"text-editor.default\">\n\t\t\t\t\t\t\t\t\t<h3><strong>Pr\u00e9sident<\/strong><\/h3>\n<p class=\"p1\">Le pr\u00e9sident de club ouvre et pr\u00e9side chaque r\u00e9union de comit\u00e9\nde direction. Attention est mis sur la qualit\u00e9 du club et l'exp\u00e9rience des membres. Travailler en collaboration avec tous les leaders du club pour parvenir \u00e0 l\u2019accomplissement du Programme du club remarquable en encourageant les r\u00e9ussites d\u2019\u00e9ducation, en mettant en place et en g\u00e9rant le recrutement, en assistant aux sessions de formation des dirigeants du club et en transmettant les paiements des cotisations d\u2019adh\u00e9sion, les listes de dirigeants et autres documents en temps et en heure.<\/p>\n<p class=\"p1\">\n<\/p>\t\t\t\t\t\t\t\t<\/div>\n\t\t\t\t<\/div>\n\t\t\t\t\t<\/div>\n\t\t\t\t<\/div>\n\t\t<div class=\"elementor-element elementor-element-c982580 e-flex e-con-boxed e-con e-parent\" data-id=\"c982580\" data-element_type=\"container\" data-e-type=\"container\" data-settings=\"{&quot;background_background&quot;:&quot;classic&quot;}\">\n\t\t\t\t\t<div class=\"e-con-inner\">\n\t\t<div class=\"elementor-element elementor-element-a15bdee e-con-full e-flex e-con e-child\" data-id=\"a15bdee\" data-element_type=\"container\" data-e-type=\"container\">\n\t\t\t\t<div class=\"elementor-element elementor-element-9195dff elementor-widget elementor-widget-image\" data-id=\"9195dff\" data-element_type=\"widget\" data-e-type=\"widget\" data-widget_type=\"image.default\">\n\t\t\t\t\t\t\t\t\t\t\t\t\t\t\t<img decoding=\"async\" width=\"762\" height=\"716\" src=\"https:\/\/asctoastmasters.ca\/wp-content\/uploads\/2024\/03\/FireShot-Capture-339-ce-photo-des-officiers-en_orig.png-1022\u00d7672-www.asctoastmasters.ca_.jpg\" class=\"attachment-large size-large wp-image-170\" alt=\"\" \/>\t\t\t\t\t\t\t\t\t\t\t\t\t\t\t<\/div>\n\t\t\t\t<div class=\"elementor-element elementor-element-bc83d33 elementor-widget elementor-widget-heading\" data-id=\"bc83d33\" data-element_type=\"widget\" data-e-type=\"widget\" data-widget_type=\"heading.default\">\n\t\t\t\t\t<h2 class=\"elementor-heading-title elementor-size-default\"><b>Yvan Soucy<\/b><\/h2>\t\t\t\t<\/div>\n\t\t\t\t<\/div>\n\t\t<div class=\"elementor-element elementor-element-24a97a2 e-con-full e-flex e-con e-child\" data-id=\"24a97a2\" data-element_type=\"container\" data-e-type=\"container\">\n\t\t\t\t<div class=\"elementor-element elementor-element-03014d6 elementor-widget elementor-widget-text-editor\" data-id=\"03014d6\" data-element_type=\"widget\" data-e-type=\"widget\" data-widget_type=\"text-editor.default\">\n\t\t\t\t\t\t\t\t\t<h3><strong>VP \u00e0 la formation<\/strong><\/h3><p class=\"p1\">Le vice-pr\u00e9sident \u00e0 l'\u00e9ducation planifie les discours des membres et surveille la r\u00e9alisation des projets. La personne \u00e0 contacter pour toute question concernant le programme \u00e9ducatif Pathways, les concours de discours et le programme de mentorat du club. Une source importante de connaissances Toastmasters pour les membres du club. Responsable de se familiariser avec tous les aspects du programme de formation Toastmasters. Supervise la cr\u00e9ation du programme du club au moins trois semaines \u00e0 l\u2019avance. S'assure que tous les r\u00f4les de r\u00e9union sont correctement remplis. Publie, envoie par courrier \u00e9lectronique ou distribue r\u00e9guli\u00e8rement l'ordre du jour de la r\u00e9union afin que tous les membres sachent \u00e0 quoi s'attendre et puissent l'accepter au besoin.<\/p>\t\t\t\t\t\t\t\t<\/div>\n\t\t\t\t<\/div>\n\t\t\t\t\t<\/div>\n\t\t\t\t<\/div>\n\t\t<div class=\"elementor-element elementor-element-90381eb e-flex e-con-boxed e-con e-parent\" data-id=\"90381eb\" data-element_type=\"container\" data-e-type=\"container\" data-settings=\"{&quot;background_background&quot;:&quot;classic&quot;}\">\n\t\t\t\t\t<div class=\"e-con-inner\">\n\t\t<div class=\"elementor-element elementor-element-16140d5 e-con-full e-flex e-con e-child\" data-id=\"16140d5\" data-element_type=\"container\" data-e-type=\"container\">\n\t\t\t\t<div class=\"elementor-element elementor-element-59f35fb elementor-widget elementor-widget-image\" data-id=\"59f35fb\" data-element_type=\"widget\" data-e-type=\"widget\" data-widget_type=\"image.default\">\n\t\t\t\t\t\t\t\t\t\t\t\t\t\t\t<img decoding=\"async\" width=\"762\" height=\"711\" src=\"https:\/\/asctoastmasters.ca\/wp-content\/uploads\/2024\/03\/FireShot-Capture-340-ce-photo-des-officiers-en_orig.png-1022\u00d7672-www.asctoastmasters.ca_.jpg\" class=\"attachment-large size-large wp-image-171\" alt=\"\" \/>\t\t\t\t\t\t\t\t\t\t\t\t\t\t\t<\/div>\n\t\t\t\t<div class=\"elementor-element elementor-element-67ae047 elementor-widget elementor-widget-heading\" data-id=\"67ae047\" data-element_type=\"widget\" data-e-type=\"widget\" data-widget_type=\"heading.default\">\n\t\t\t\t\t<h2 class=\"elementor-heading-title elementor-size-default\"><b><font color=\"#2d2828\" face=\"Poppins, sans-serif\"><span style=\"font-size: 18px\">Andr\u00e9 Lavalli\u00e8re<\/span><\/font><\/b><\/h2>\t\t\t\t<\/div>\n\t\t\t\t<\/div>\n\t\t<div class=\"elementor-element elementor-element-dcc8ff2 e-con-full e-flex e-con e-child\" data-id=\"dcc8ff2\" data-element_type=\"container\" data-e-type=\"container\">\n\t\t\t\t<div class=\"elementor-element elementor-element-b9d4747 elementor-widget elementor-widget-text-editor\" data-id=\"b9d4747\" data-element_type=\"widget\" data-e-type=\"widget\" data-widget_type=\"text-editor.default\">\n\t\t\t\t\t\t\t\t\t<h3><strong>VP au recrutement<\/strong><\/h3><p class=\"p1\">Fait la promotion du club et g\u00e8re le processus d\u2019accueil des invit\u00e9s et de leur conversion en membres. Apprendre \u00e0 conna\u00eetre les invit\u00e9s, les mettre \u00e0 l'aise et leur fournir les informations dont ils ont besoin pour s'int\u00e9grer. Favorise l'adh\u00e9sion. maintenir un flux constant de nouvelles personnes dans le club. Surveille attentivement les niveaux de recrutement et \u00e9labore des strat\u00e9gies avec le reste du comit\u00e9 ex\u00e9cutif pour surmonter les d\u00e9fis li\u00e9s aux membres \u00e0 mesure qu'ils surviennent.\nDirige les efforts du club pour augmenter continuellement le nombre de membres. Objectif : gagner un nouveau membre par mois, et si le club compte moins de vingt membres, atteindre vingt membres d'ici la fin de l'ann\u00e9e.<\/p>\t\t\t\t\t\t\t\t<\/div>\n\t\t\t\t<\/div>\n\t\t\t\t\t<\/div>\n\t\t\t\t<\/div>\n\t\t<div class=\"elementor-element elementor-element-672a052 e-flex e-con-boxed e-con e-parent\" data-id=\"672a052\" data-element_type=\"container\" data-e-type=\"container\" data-settings=\"{&quot;background_background&quot;:&quot;classic&quot;}\">\n\t\t\t\t\t<div class=\"e-con-inner\">\n\t\t<div class=\"elementor-element elementor-element-b542d91 e-con-full e-flex e-con e-child\" data-id=\"b542d91\" data-element_type=\"container\" data-e-type=\"container\">\n\t\t\t\t<div class=\"elementor-element elementor-element-4507892 elementor-widget elementor-widget-image\" data-id=\"4507892\" data-element_type=\"widget\" data-e-type=\"widget\" data-widget_type=\"image.default\">\n\t\t\t\t\t\t\t\t\t\t\t\t\t\t\t<img loading=\"lazy\" decoding=\"async\" width=\"607\" height=\"574\" src=\"https:\/\/asctoastmasters.ca\/wp-content\/uploads\/2024\/03\/FireShot-Capture-343-ce-photo-des-officiers-en_orig.png-1022\u00d7672-www.asctoastmasters.ca_.jpg\" class=\"attachment-large size-large wp-image-172\" alt=\"\" \/>\t\t\t\t\t\t\t\t\t\t\t\t\t\t\t<\/div>\n\t\t\t\t<div class=\"elementor-element elementor-element-5976fe9 elementor-widget elementor-widget-heading\" data-id=\"5976fe9\" data-element_type=\"widget\" data-e-type=\"widget\" data-widget_type=\"heading.default\">\n\t\t\t\t\t<h2 class=\"elementor-heading-title elementor-size-default\"><b>Christopher Villaflor<\/b><\/h2>\t\t\t\t<\/div>\n\t\t\t\t<\/div>\n\t\t<div class=\"elementor-element elementor-element-ce3a447 e-con-full e-flex e-con e-child\" data-id=\"ce3a447\" data-element_type=\"container\" data-e-type=\"container\">\n\t\t\t\t<div class=\"elementor-element elementor-element-63a36fd elementor-widget elementor-widget-text-editor\" data-id=\"63a36fd\" data-element_type=\"widget\" data-e-type=\"widget\" data-widget_type=\"text-editor.default\">\n\t\t\t\t\t\t\t\t\t<h3><strong>VP aux relations publiques<\/strong><\/h3><p class=\"p1\">Fait la promotion du club aupr\u00e8s de la communaut\u00e9 locale et informe les m\u00e9dias de l'existence du club et les b\u00e9n\u00e9fices qu'il apporte. Fait la promotion du club en mettre \u00e0 jour le contenu Web et pr\u00e9server l'identit\u00e9 de la marque Toastmasters. Responsable d'informer les m\u00e9dias lorsque le club r\u00e9alise un \u00e9v\u00e9nement important. R\u00e9dige des communiqu\u00e9s de presse, cr\u00e9e et distribue des brochures et maintient la pr\u00e9sence du club \u00e0 divers endroits cl\u00e9s sur le web et au sein de la communaut\u00e9.<\/p>\t\t\t\t\t\t\t\t<\/div>\n\t\t\t\t<\/div>\n\t\t\t\t\t<\/div>\n\t\t\t\t<\/div>\n\t\t<div class=\"elementor-element elementor-element-08ae31f e-flex e-con-boxed e-con e-parent\" data-id=\"08ae31f\" data-element_type=\"container\" data-e-type=\"container\" data-settings=\"{&quot;background_background&quot;:&quot;classic&quot;}\">\n\t\t\t\t\t<div class=\"e-con-inner\">\n\t\t<div class=\"elementor-element elementor-element-2357d02 e-con-full e-flex e-con e-child\" data-id=\"2357d02\" data-element_type=\"container\" data-e-type=\"container\">\n\t\t\t\t<div class=\"elementor-element elementor-element-472d8cd elementor-widget elementor-widget-image\" data-id=\"472d8cd\" data-element_type=\"widget\" data-e-type=\"widget\" data-widget_type=\"image.default\">\n\t\t\t\t\t\t\t\t\t\t\t\t\t\t\t<img loading=\"lazy\" decoding=\"async\" width=\"615\" height=\"577\" src=\"https:\/\/asctoastmasters.ca\/wp-content\/uploads\/2024\/03\/FireShot-Capture-344-ce-photo-des-officiers-en_orig.png-1022\u00d7672-www.asctoastmasters.ca_.jpg\" class=\"attachment-large size-large wp-image-173\" alt=\"\" \/>\t\t\t\t\t\t\t\t\t\t\t\t\t\t\t<\/div>\n\t\t\t\t<div class=\"elementor-element elementor-element-53488df elementor-widget elementor-widget-heading\" data-id=\"53488df\" data-element_type=\"widget\" data-e-type=\"widget\" data-widget_type=\"heading.default\">\n\t\t\t\t\t<h2 class=\"elementor-heading-title elementor-size-default\"><b>Louise Provencher<\/b><\/h2>\t\t\t\t<\/div>\n\t\t\t\t<\/div>\n\t\t<div class=\"elementor-element elementor-element-5e59167 e-con-full e-flex e-con e-child\" data-id=\"5e59167\" data-element_type=\"container\" data-e-type=\"container\">\n\t\t\t\t<div class=\"elementor-element elementor-element-54cf349 elementor-widget elementor-widget-text-editor\" data-id=\"54cf349\" data-element_type=\"widget\" data-e-type=\"widget\" data-widget_type=\"text-editor.default\">\n\t\t\t\t\t\t\t\t\t<h3><strong>Secr\u00e9taire<\/strong><\/h3><p class=\"p1\">Le secr\u00e9taire g\u00e8re les dossiers du club, la correspondance du club et r\u00e9dige les proc\u00e8s-verbaux de chaque r\u00e9union du comit\u00e9 de gestion du club. Responsable de la mise \u00e0 jour et de la distribution d'une liste des adh\u00e9sions actuellement pay\u00e9es et de la tenue \u00e0 jour de la liste des officiels du club avec Toastmasters International.<\/p>\t\t\t\t\t\t\t\t<\/div>\n\t\t\t\t<\/div>\n\t\t\t\t\t<\/div>\n\t\t\t\t<\/div>\n\t\t<div class=\"elementor-element elementor-element-6c768c7 e-flex e-con-boxed e-con e-parent\" data-id=\"6c768c7\" data-element_type=\"container\" data-e-type=\"container\" data-settings=\"{&quot;background_background&quot;:&quot;classic&quot;}\">\n\t\t\t\t\t<div class=\"e-con-inner\">\n\t\t<div class=\"elementor-element elementor-element-e0f363e e-con-full e-flex e-con e-child\" data-id=\"e0f363e\" data-element_type=\"container\" data-e-type=\"container\">\n\t\t\t\t<div class=\"elementor-element elementor-element-3d04eaa elementor-widget elementor-widget-heading\" data-id=\"3d04eaa\" data-element_type=\"widget\" data-e-type=\"widget\" data-widget_type=\"heading.default\">\n\t\t\t\t\t<h2 class=\"elementor-heading-title elementor-size-default\"><b>Karima Moulodi<\/b><\/h2>\t\t\t\t<\/div>\n\t\t\t\t<\/div>\n\t\t<div class=\"elementor-element elementor-element-eb2bda7 e-con-full e-flex e-con e-child\" data-id=\"eb2bda7\" data-element_type=\"container\" data-e-type=\"container\">\n\t\t\t\t<div class=\"elementor-element elementor-element-812acab elementor-widget elementor-widget-text-editor\" data-id=\"812acab\" data-element_type=\"widget\" data-e-type=\"widget\" data-widget_type=\"text-editor.default\">\n\t\t\t\t\t\t\t\t\t<h3><strong>Huissier<\/strong><\/h3><p class=\"p1\">L\u2019huissier suit et prend soin des actifs physiques du club, tels que la banni\u00e8re, le pupitre, le chronom\u00e8tre et autres \u00e9quipements de r\u00e9union. Arrive t\u00f4t pour pr\u00e9parer le lieu de r\u00e9union des membres et reste pour ranger tout l'\u00e9quipement du club. Responsable du lieu de r\u00e9union lui-m\u00eame, obtenant de nouveaux espaces selon les besoins et maintenant le contact avec les personnes qui laissent le club utiliser l'espace pour des r\u00e9unions. Laisse l\u2019espace de r\u00e9union tel qu\u2019il \u00e9tait avant la r\u00e9union.<\/p>\t\t\t\t\t\t\t\t<\/div>\n\t\t\t\t<\/div>\n\t\t\t\t\t<\/div>\n\t\t\t\t<\/div>\n\t\t\t\t<\/div>","protected":false},"excerpt":{"rendered":"<p>ASC Toastmasters Club The Toastmasters ASC\u00a0club allows residents of the Mont\u00e9r\u00e9gie to develop the confidence to speak in public and to assert their leadership qualities. ASC Toastmasters Club offers a supportive learning environment. Members positively encouraged to allow everyone to improve his communication and leadership skills, which develops self-confidence and personal growth. Each member advance [&hellip;]<\/p>\n","protected":false},"author":1,"featured_media":0,"parent":0,"menu_order":0,"comment_status":"closed","ping_status":"closed","template":"","meta":{"footnotes":""},"class_list":["post-13","page","type-page","status-publish","hentry"],"yoast_head":"<!-- This site is optimized with the Yoast SEO plugin v27.3 - https:\/\/yoast.com\/product\/yoast-seo-wordpress\/ -->\n<title>Our Club - Club Toastmasters ASC<\/title>\n<meta name=\"robots\" content=\"index, follow, max-snippet:-1, max-image-preview:large, max-video-preview:-1\" \/>\n<link rel=\"canonical\" href=\"https:\/\/asctoastmasters.ca\/fr\/our-club\/\" \/>\n<meta property=\"og:locale\" content=\"fr_FR\" \/>\n<meta property=\"og:type\" content=\"article\" \/>\n<meta property=\"og:title\" content=\"Our Club - Club Toastmasters ASC\" \/>\n<meta property=\"og:description\" content=\"ASC Toastmasters Club The Toastmasters ASC\u00a0club allows residents of the Mont\u00e9r\u00e9gie to develop the confidence to speak in public and to assert their leadership qualities. ASC Toastmasters Club offers a supportive learning environment. Members positively encouraged to allow everyone to improve his communication and leadership skills, which develops self-confidence and personal growth. Each member advance [&hellip;]\" \/>\n<meta property=\"og:url\" content=\"https:\/\/asctoastmasters.ca\/fr\/our-club\/\" \/>\n<meta property=\"og:site_name\" content=\"Club Toastmasters ASC\" \/>\n<meta property=\"article:modified_time\" content=\"2024-10-02T16:27:01+00:00\" \/>\n<meta name=\"twitter:card\" content=\"summary_large_image\" \/>\n<meta name=\"twitter:label1\" content=\"Dur\u00e9e de lecture estim\u00e9e\" \/>\n\t<meta name=\"twitter:data1\" content=\"4 minutes\" \/>\n<script type=\"application\/ld+json\" class=\"yoast-schema-graph\">{\"@context\":\"https:\\\/\\\/schema.org\",\"@graph\":[{\"@type\":\"WebPage\",\"@id\":\"https:\\\/\\\/asctoastmasters.ca\\\/fr\\\/our-club\\\/\",\"url\":\"https:\\\/\\\/asctoastmasters.ca\\\/fr\\\/our-club\\\/\",\"name\":\"Our Club - Club Toastmasters ASC\",\"isPartOf\":{\"@id\":\"https:\\\/\\\/asctoastmasters.ca\\\/fr\\\/#website\"},\"datePublished\":\"2024-03-02T08:46:06+00:00\",\"dateModified\":\"2024-10-02T16:27:01+00:00\",\"breadcrumb\":{\"@id\":\"https:\\\/\\\/asctoastmasters.ca\\\/fr\\\/our-club\\\/#breadcrumb\"},\"inLanguage\":\"fr-FR\",\"potentialAction\":[{\"@type\":\"ReadAction\",\"target\":[\"https:\\\/\\\/asctoastmasters.ca\\\/fr\\\/our-club\\\/\"]}]},{\"@type\":\"BreadcrumbList\",\"@id\":\"https:\\\/\\\/asctoastmasters.ca\\\/fr\\\/our-club\\\/#breadcrumb\",\"itemListElement\":[{\"@type\":\"ListItem\",\"position\":1,\"name\":\"Home\",\"item\":\"https:\\\/\\\/asctoastmasters.ca\\\/fr\\\/\"},{\"@type\":\"ListItem\",\"position\":2,\"name\":\"Our Club\"}]},{\"@type\":\"WebSite\",\"@id\":\"https:\\\/\\\/asctoastmasters.ca\\\/fr\\\/#website\",\"url\":\"https:\\\/\\\/asctoastmasters.ca\\\/fr\\\/\",\"name\":\"Club Toastmasters ASC\",\"description\":\"\",\"publisher\":{\"@id\":\"https:\\\/\\\/asctoastmasters.ca\\\/fr\\\/#organization\"},\"potentialAction\":[{\"@type\":\"SearchAction\",\"target\":{\"@type\":\"EntryPoint\",\"urlTemplate\":\"https:\\\/\\\/asctoastmasters.ca\\\/fr\\\/?s={search_term_string}\"},\"query-input\":{\"@type\":\"PropertyValueSpecification\",\"valueRequired\":true,\"valueName\":\"search_term_string\"}}],\"inLanguage\":\"fr-FR\"},{\"@type\":\"Organization\",\"@id\":\"https:\\\/\\\/asctoastmasters.ca\\\/fr\\\/#organization\",\"name\":\"Club Toastmasters ASC\",\"url\":\"https:\\\/\\\/asctoastmasters.ca\\\/fr\\\/\",\"logo\":{\"@type\":\"ImageObject\",\"inLanguage\":\"fr-FR\",\"@id\":\"https:\\\/\\\/asctoastmasters.ca\\\/fr\\\/#\\\/schema\\\/logo\\\/image\\\/\",\"url\":\"https:\\\/\\\/asctoastmasters.ca\\\/wp-content\\\/uploads\\\/2024\\\/03\\\/toastmasters-2011_orig.png\",\"contentUrl\":\"https:\\\/\\\/asctoastmasters.ca\\\/wp-content\\\/uploads\\\/2024\\\/03\\\/toastmasters-2011_orig.png\",\"width\":337,\"height\":295,\"caption\":\"Club Toastmasters ASC\"},\"image\":{\"@id\":\"https:\\\/\\\/asctoastmasters.ca\\\/fr\\\/#\\\/schema\\\/logo\\\/image\\\/\"}}]}<\/script>\n<!-- \/ Yoast SEO plugin. -->","yoast_head_json":{"title":"Our Club - Club Toastmasters ASC","robots":{"index":"index","follow":"follow","max-snippet":"max-snippet:-1","max-image-preview":"max-image-preview:large","max-video-preview":"max-video-preview:-1"},"canonical":"https:\/\/asctoastmasters.ca\/fr\/our-club\/","og_locale":"fr_FR","og_type":"article","og_title":"Our Club - Club Toastmasters ASC","og_description":"ASC Toastmasters Club The Toastmasters ASC\u00a0club allows residents of the Mont\u00e9r\u00e9gie to develop the confidence to speak in public and to assert their leadership qualities. ASC Toastmasters Club offers a supportive learning environment. Members positively encouraged to allow everyone to improve his communication and leadership skills, which develops self-confidence and personal growth. Each member advance [&hellip;]","og_url":"https:\/\/asctoastmasters.ca\/fr\/our-club\/","og_site_name":"Club Toastmasters ASC","article_modified_time":"2024-10-02T16:27:01+00:00","twitter_card":"summary_large_image","twitter_misc":{"Dur\u00e9e de lecture estim\u00e9e":"4 minutes"},"schema":{"@context":"https:\/\/schema.org","@graph":[{"@type":"WebPage","@id":"https:\/\/asctoastmasters.ca\/fr\/our-club\/","url":"https:\/\/asctoastmasters.ca\/fr\/our-club\/","name":"Our Club - Club Toastmasters ASC","isPartOf":{"@id":"https:\/\/asctoastmasters.ca\/fr\/#website"},"datePublished":"2024-03-02T08:46:06+00:00","dateModified":"2024-10-02T16:27:01+00:00","breadcrumb":{"@id":"https:\/\/asctoastmasters.ca\/fr\/our-club\/#breadcrumb"},"inLanguage":"fr-FR","potentialAction":[{"@type":"ReadAction","target":["https:\/\/asctoastmasters.ca\/fr\/our-club\/"]}]},{"@type":"BreadcrumbList","@id":"https:\/\/asctoastmasters.ca\/fr\/our-club\/#breadcrumb","itemListElement":[{"@type":"ListItem","position":1,"name":"Home","item":"https:\/\/asctoastmasters.ca\/fr\/"},{"@type":"ListItem","position":2,"name":"Our Club"}]},{"@type":"WebSite","@id":"https:\/\/asctoastmasters.ca\/fr\/#website","url":"https:\/\/asctoastmasters.ca\/fr\/","name":"Club Toastmasters ASC","description":"","publisher":{"@id":"https:\/\/asctoastmasters.ca\/fr\/#organization"},"potentialAction":[{"@type":"SearchAction","target":{"@type":"EntryPoint","urlTemplate":"https:\/\/asctoastmasters.ca\/fr\/?s={search_term_string}"},"query-input":{"@type":"PropertyValueSpecification","valueRequired":true,"valueName":"search_term_string"}}],"inLanguage":"fr-FR"},{"@type":"Organization","@id":"https:\/\/asctoastmasters.ca\/fr\/#organization","name":"Club Toastmasters ASC","url":"https:\/\/asctoastmasters.ca\/fr\/","logo":{"@type":"ImageObject","inLanguage":"fr-FR","@id":"https:\/\/asctoastmasters.ca\/fr\/#\/schema\/logo\/image\/","url":"https:\/\/asctoastmasters.ca\/wp-content\/uploads\/2024\/03\/toastmasters-2011_orig.png","contentUrl":"https:\/\/asctoastmasters.ca\/wp-content\/uploads\/2024\/03\/toastmasters-2011_orig.png","width":337,"height":295,"caption":"Club Toastmasters ASC"},"image":{"@id":"https:\/\/asctoastmasters.ca\/fr\/#\/schema\/logo\/image\/"}}]}},"_links":{"self":[{"href":"https:\/\/asctoastmasters.ca\/fr\/wp-json\/wp\/v2\/pages\/13","targetHints":{"allow":["GET"]}}],"collection":[{"href":"https:\/\/asctoastmasters.ca\/fr\/wp-json\/wp\/v2\/pages"}],"about":[{"href":"https:\/\/asctoastmasters.ca\/fr\/wp-json\/wp\/v2\/types\/page"}],"author":[{"embeddable":true,"href":"https:\/\/asctoastmasters.ca\/fr\/wp-json\/wp\/v2\/users\/1"}],"replies":[{"embeddable":true,"href":"https:\/\/asctoastmasters.ca\/fr\/wp-json\/wp\/v2\/comments?post=13"}],"version-history":[{"count":169,"href":"https:\/\/asctoastmasters.ca\/fr\/wp-json\/wp\/v2\/pages\/13\/revisions"}],"predecessor-version":[{"id":1080,"href":"https:\/\/asctoastmasters.ca\/fr\/wp-json\/wp\/v2\/pages\/13\/revisions\/1080"}],"wp:attachment":[{"href":"https:\/\/asctoastmasters.ca\/fr\/wp-json\/wp\/v2\/media?parent=13"}],"curies":[{"name":"wp","href":"https:\/\/api.w.org\/{rel}","templated":true}]}}