{"id":15,"date":"2024-03-02T08:46:19","date_gmt":"2024-03-02T08:46:19","guid":{"rendered":"http:\/\/asctoastmasters.ca\/?page_id=15"},"modified":"2024-04-02T04:09:27","modified_gmt":"2024-04-02T04:09:27","slug":"our-approach","status":"publish","type":"page","link":"https:\/\/asctoastmasters.ca\/fr\/our-approach\/","title":{"rendered":"Notre approche"},"content":{"rendered":"<div data-elementor-type=\"wp-page\" data-elementor-id=\"15\" class=\"elementor elementor-15\" data-elementor-post-type=\"page\">\n\t\t\t\t<div class=\"elementor-element elementor-element-b2c570d e-flex e-con-boxed e-con e-parent\" data-id=\"b2c570d\" data-element_type=\"container\" data-e-type=\"container\" data-settings=\"{&quot;background_background&quot;:&quot;classic&quot;}\">\n\t\t\t\t\t<div class=\"e-con-inner\">\n\t\t<div class=\"elementor-element elementor-element-2ca46cd e-con-full e-flex e-con e-child\" data-id=\"2ca46cd\" data-element_type=\"container\" data-e-type=\"container\">\n\t\t\t\t<div class=\"elementor-element elementor-element-7312f7d elementor-widget elementor-widget-heading\" data-id=\"7312f7d\" data-element_type=\"widget\" data-e-type=\"widget\" data-widget_type=\"heading.default\">\n\t\t\t\t\t<h2 class=\"elementor-heading-title elementor-size-default\">Comment \u200bon fonctionne?<\/h2>\t\t\t\t<\/div>\n\t\t\t\t<\/div>\n\t\t<div class=\"elementor-element elementor-element-06c468b e-con-full e-flex e-con e-child\" data-id=\"06c468b\" data-element_type=\"container\" data-e-type=\"container\">\n\t\t\t\t<div class=\"elementor-element elementor-element-2b7830b elementor-align-right elementor-mobile-align-center elementor-widget elementor-widget-breadcrumbs\" data-id=\"2b7830b\" data-element_type=\"widget\" data-e-type=\"widget\" data-widget_type=\"breadcrumbs.default\">\n\t\t\t\t\t<p id=\"breadcrumbs\"><span><span><a href=\"https:\/\/asctoastmasters.ca\/fr\/\">Accueil<\/a><\/span><\/span><\/p>\t\t\t\t<\/div>\n\t\t\t\t<\/div>\n\t\t\t\t\t<\/div>\n\t\t\t\t<\/div>\n\t\t<div class=\"elementor-element elementor-element-408429e e-flex e-con-boxed e-con e-parent\" data-id=\"408429e\" data-element_type=\"container\" data-e-type=\"container\">\n\t\t\t\t\t<div class=\"e-con-inner\">\n\t\t\t\t<div class=\"elementor-element elementor-element-71e264b elementor-widget elementor-widget-text-editor\" data-id=\"71e264b\" data-element_type=\"widget\" data-e-type=\"widget\" data-widget_type=\"text-editor.default\">\n\t\t\t\t\t\t\t\t\t<h2>Notre approche<\/h2>\n<div>\n<p><span style=\"text-align: var(--text-align);\">\u200bToastmasters a d\u00e9velopp\u00e9 une approche pragmatique permettant de d\u00e9velopper ses habilet\u00e9s d'orateur et de leadership et ce, dans un contexte structur\u00e9 et amical.<\/span><\/p>\n<p><span style=\"text-align: var(--text-align);\">Sur une base volontaire, chaque membre est invit\u00e9 \u00e0 prendre un ou des r\u00f4les pr\u00e9d\u00e9finis lors des r\u00e9unions. Tous les membres ont l'opportunit\u00e9 de prendre la parole lors de ces rencontres. Vous apprendrez \u00e0 donner des discours, proposer un toast, pr\u00e9sider une assembl\u00e9e, d\u00e9velopper votre esprit critique, partager votre opinion de fa\u00e7on efficace et objective, g\u00e9rer votre temps, ainsi qu'\u00e0 effectuer des \u00e9valuations \u00e0 pied lev\u00e9. Pendant les r\u00e9unions, tous les membres re\u00e7oivent une r\u00e9troactions imm\u00e9diats et des conseils pour s'am\u00e9liorer.<\/span><span style=\"color: var( --e-global-color-text ); text-align: var(--text-align);\">&nbsp;<\/span><br><\/p>\n<p>Au fur et \u00e0 mesure que vous \u00e9voluez, vous pouvez b\u00e9n\u00e9ficier de notre programme de mentorat. Par la suite, vous pourrez \u00e9galement servir de guide aupr\u00e8s d'un autre membre.<\/p>\n<\/div>\t\t\t\t\t\t\t\t<\/div>\n\t\t\t\t\t<\/div>\n\t\t\t\t<\/div>\n\t\t\t\t<\/div>","protected":false},"excerpt":{"rendered":"<p>How it works? Our Approach Toastmasters has developed a pragmatic approach to developing speaking and leadership skills in a structured and friendly context. On a voluntary basis, each member is invited to take one or more predefined roles during meetings. All members have the opportunity to speak at these meetings. You will learn to give [&hellip;]<\/p>\n","protected":false},"author":1,"featured_media":0,"parent":0,"menu_order":0,"comment_status":"closed","ping_status":"closed","template":"","meta":{"footnotes":""},"class_list":["post-15","page","type-page","status-publish","hentry"],"yoast_head":"<!-- This site is optimized with the Yoast SEO plugin v27.3 - https:\/\/yoast.com\/product\/yoast-seo-wordpress\/ -->\n<title>Our Approach - Club Toastmasters ASC<\/title>\n<meta name=\"robots\" content=\"index, follow, max-snippet:-1, max-image-preview:large, max-video-preview:-1\" \/>\n<link rel=\"canonical\" href=\"https:\/\/asctoastmasters.ca\/fr\/our-approach\/\" \/>\n<meta property=\"og:locale\" content=\"fr_FR\" \/>\n<meta property=\"og:type\" content=\"article\" \/>\n<meta property=\"og:title\" content=\"Our Approach - Club Toastmasters ASC\" \/>\n<meta property=\"og:description\" content=\"How it works? Our Approach Toastmasters has developed a pragmatic approach to developing speaking and leadership skills in a structured and friendly context. On a voluntary basis, each member is invited to take one or more predefined roles during meetings. All members have the opportunity to speak at these meetings. You will learn to give [&hellip;]\" \/>\n<meta property=\"og:url\" content=\"https:\/\/asctoastmasters.ca\/fr\/our-approach\/\" \/>\n<meta property=\"og:site_name\" content=\"Club Toastmasters ASC\" \/>\n<meta property=\"article:modified_time\" content=\"2024-04-02T04:09:27+00:00\" \/>\n<meta name=\"twitter:card\" content=\"summary_large_image\" \/>\n<meta name=\"twitter:label1\" content=\"Dur\u00e9e de lecture estim\u00e9e\" \/>\n\t<meta name=\"twitter:data1\" content=\"1 minute\" \/>\n<script type=\"application\/ld+json\" class=\"yoast-schema-graph\">{\"@context\":\"https:\\\/\\\/schema.org\",\"@graph\":[{\"@type\":\"WebPage\",\"@id\":\"https:\\\/\\\/asctoastmasters.ca\\\/fr\\\/our-approach\\\/\",\"url\":\"https:\\\/\\\/asctoastmasters.ca\\\/fr\\\/our-approach\\\/\",\"name\":\"Our Approach - Club Toastmasters ASC\",\"isPartOf\":{\"@id\":\"https:\\\/\\\/asctoastmasters.ca\\\/fr\\\/#website\"},\"datePublished\":\"2024-03-02T08:46:19+00:00\",\"dateModified\":\"2024-04-02T04:09:27+00:00\",\"breadcrumb\":{\"@id\":\"https:\\\/\\\/asctoastmasters.ca\\\/fr\\\/our-approach\\\/#breadcrumb\"},\"inLanguage\":\"fr-FR\",\"potentialAction\":[{\"@type\":\"ReadAction\",\"target\":[\"https:\\\/\\\/asctoastmasters.ca\\\/fr\\\/our-approach\\\/\"]}]},{\"@type\":\"BreadcrumbList\",\"@id\":\"https:\\\/\\\/asctoastmasters.ca\\\/fr\\\/our-approach\\\/#breadcrumb\",\"itemListElement\":[{\"@type\":\"ListItem\",\"position\":1,\"name\":\"Home\",\"item\":\"https:\\\/\\\/asctoastmasters.ca\\\/fr\\\/\"},{\"@type\":\"ListItem\",\"position\":2,\"name\":\"Our Approach\"}]},{\"@type\":\"WebSite\",\"@id\":\"https:\\\/\\\/asctoastmasters.ca\\\/fr\\\/#website\",\"url\":\"https:\\\/\\\/asctoastmasters.ca\\\/fr\\\/\",\"name\":\"Club Toastmasters ASC\",\"description\":\"\",\"publisher\":{\"@id\":\"https:\\\/\\\/asctoastmasters.ca\\\/fr\\\/#organization\"},\"potentialAction\":[{\"@type\":\"SearchAction\",\"target\":{\"@type\":\"EntryPoint\",\"urlTemplate\":\"https:\\\/\\\/asctoastmasters.ca\\\/fr\\\/?s={search_term_string}\"},\"query-input\":{\"@type\":\"PropertyValueSpecification\",\"valueRequired\":true,\"valueName\":\"search_term_string\"}}],\"inLanguage\":\"fr-FR\"},{\"@type\":\"Organization\",\"@id\":\"https:\\\/\\\/asctoastmasters.ca\\\/fr\\\/#organization\",\"name\":\"Club Toastmasters ASC\",\"url\":\"https:\\\/\\\/asctoastmasters.ca\\\/fr\\\/\",\"logo\":{\"@type\":\"ImageObject\",\"inLanguage\":\"fr-FR\",\"@id\":\"https:\\\/\\\/asctoastmasters.ca\\\/fr\\\/#\\\/schema\\\/logo\\\/image\\\/\",\"url\":\"https:\\\/\\\/asctoastmasters.ca\\\/wp-content\\\/uploads\\\/2024\\\/03\\\/toastmasters-2011_orig.png\",\"contentUrl\":\"https:\\\/\\\/asctoastmasters.ca\\\/wp-content\\\/uploads\\\/2024\\\/03\\\/toastmasters-2011_orig.png\",\"width\":337,\"height\":295,\"caption\":\"Club Toastmasters ASC\"},\"image\":{\"@id\":\"https:\\\/\\\/asctoastmasters.ca\\\/fr\\\/#\\\/schema\\\/logo\\\/image\\\/\"}}]}<\/script>\n<!-- \/ Yoast SEO plugin. -->","yoast_head_json":{"title":"Our Approach - Club Toastmasters ASC","robots":{"index":"index","follow":"follow","max-snippet":"max-snippet:-1","max-image-preview":"max-image-preview:large","max-video-preview":"max-video-preview:-1"},"canonical":"https:\/\/asctoastmasters.ca\/fr\/our-approach\/","og_locale":"fr_FR","og_type":"article","og_title":"Our Approach - Club Toastmasters ASC","og_description":"How it works? Our Approach Toastmasters has developed a pragmatic approach to developing speaking and leadership skills in a structured and friendly context. On a voluntary basis, each member is invited to take one or more predefined roles during meetings. All members have the opportunity to speak at these meetings. You will learn to give [&hellip;]","og_url":"https:\/\/asctoastmasters.ca\/fr\/our-approach\/","og_site_name":"Club Toastmasters ASC","article_modified_time":"2024-04-02T04:09:27+00:00","twitter_card":"summary_large_image","twitter_misc":{"Dur\u00e9e de lecture estim\u00e9e":"1 minute"},"schema":{"@context":"https:\/\/schema.org","@graph":[{"@type":"WebPage","@id":"https:\/\/asctoastmasters.ca\/fr\/our-approach\/","url":"https:\/\/asctoastmasters.ca\/fr\/our-approach\/","name":"Our Approach - Club Toastmasters ASC","isPartOf":{"@id":"https:\/\/asctoastmasters.ca\/fr\/#website"},"datePublished":"2024-03-02T08:46:19+00:00","dateModified":"2024-04-02T04:09:27+00:00","breadcrumb":{"@id":"https:\/\/asctoastmasters.ca\/fr\/our-approach\/#breadcrumb"},"inLanguage":"fr-FR","potentialAction":[{"@type":"ReadAction","target":["https:\/\/asctoastmasters.ca\/fr\/our-approach\/"]}]},{"@type":"BreadcrumbList","@id":"https:\/\/asctoastmasters.ca\/fr\/our-approach\/#breadcrumb","itemListElement":[{"@type":"ListItem","position":1,"name":"Home","item":"https:\/\/asctoastmasters.ca\/fr\/"},{"@type":"ListItem","position":2,"name":"Our Approach"}]},{"@type":"WebSite","@id":"https:\/\/asctoastmasters.ca\/fr\/#website","url":"https:\/\/asctoastmasters.ca\/fr\/","name":"Club Toastmasters ASC","description":"","publisher":{"@id":"https:\/\/asctoastmasters.ca\/fr\/#organization"},"potentialAction":[{"@type":"SearchAction","target":{"@type":"EntryPoint","urlTemplate":"https:\/\/asctoastmasters.ca\/fr\/?s={search_term_string}"},"query-input":{"@type":"PropertyValueSpecification","valueRequired":true,"valueName":"search_term_string"}}],"inLanguage":"fr-FR"},{"@type":"Organization","@id":"https:\/\/asctoastmasters.ca\/fr\/#organization","name":"Club Toastmasters ASC","url":"https:\/\/asctoastmasters.ca\/fr\/","logo":{"@type":"ImageObject","inLanguage":"fr-FR","@id":"https:\/\/asctoastmasters.ca\/fr\/#\/schema\/logo\/image\/","url":"https:\/\/asctoastmasters.ca\/wp-content\/uploads\/2024\/03\/toastmasters-2011_orig.png","contentUrl":"https:\/\/asctoastmasters.ca\/wp-content\/uploads\/2024\/03\/toastmasters-2011_orig.png","width":337,"height":295,"caption":"Club Toastmasters ASC"},"image":{"@id":"https:\/\/asctoastmasters.ca\/fr\/#\/schema\/logo\/image\/"}}]}},"_links":{"self":[{"href":"https:\/\/asctoastmasters.ca\/fr\/wp-json\/wp\/v2\/pages\/15","targetHints":{"allow":["GET"]}}],"collection":[{"href":"https:\/\/asctoastmasters.ca\/fr\/wp-json\/wp\/v2\/pages"}],"about":[{"href":"https:\/\/asctoastmasters.ca\/fr\/wp-json\/wp\/v2\/types\/page"}],"author":[{"embeddable":true,"href":"https:\/\/asctoastmasters.ca\/fr\/wp-json\/wp\/v2\/users\/1"}],"replies":[{"embeddable":true,"href":"https:\/\/asctoastmasters.ca\/fr\/wp-json\/wp\/v2\/comments?post=15"}],"version-history":[{"count":25,"href":"https:\/\/asctoastmasters.ca\/fr\/wp-json\/wp\/v2\/pages\/15\/revisions"}],"predecessor-version":[{"id":693,"href":"https:\/\/asctoastmasters.ca\/fr\/wp-json\/wp\/v2\/pages\/15\/revisions\/693"}],"wp:attachment":[{"href":"https:\/\/asctoastmasters.ca\/fr\/wp-json\/wp\/v2\/media?parent=15"}],"curies":[{"name":"wp","href":"https:\/\/api.w.org\/{rel}","templated":true}]}}