{"id":19,"date":"2024-03-02T08:47:00","date_gmt":"2024-03-02T08:47:00","guid":{"rendered":"http:\/\/asctoastmasters.ca\/?page_id=19"},"modified":"2024-03-09T15:03:30","modified_gmt":"2024-03-09T15:03:30","slug":"why-join","status":"publish","type":"page","link":"https:\/\/asctoastmasters.ca\/fr\/why-join\/","title":{"rendered":"Pourquoi adh\u00e9rer?"},"content":{"rendered":"<div data-elementor-type=\"wp-page\" data-elementor-id=\"19\" class=\"elementor elementor-19\" data-elementor-post-type=\"page\">\n\t\t\t\t<div class=\"elementor-element elementor-element-25d1614 e-flex e-con-boxed e-con e-parent\" data-id=\"25d1614\" data-element_type=\"container\" data-e-type=\"container\" data-settings=\"{&quot;background_background&quot;:&quot;classic&quot;}\">\n\t\t\t\t\t<div class=\"e-con-inner\">\n\t\t<div class=\"elementor-element elementor-element-7e49018 e-con-full e-flex e-con e-child\" data-id=\"7e49018\" data-element_type=\"container\" data-e-type=\"container\">\n\t\t\t\t<div class=\"elementor-element elementor-element-6d641c6 elementor-widget elementor-widget-heading\" data-id=\"6d641c6\" data-element_type=\"widget\" data-e-type=\"widget\" data-widget_type=\"heading.default\">\n\t\t\t\t\t<h2 class=\"elementor-heading-title elementor-size-default\">Pourquoi joindre le club Toastmasters ASC?<\/h2>\t\t\t\t<\/div>\n\t\t\t\t<\/div>\n\t\t<div class=\"elementor-element elementor-element-9295490 e-con-full e-flex e-con e-child\" data-id=\"9295490\" data-element_type=\"container\" data-e-type=\"container\">\n\t\t\t\t<div class=\"elementor-element elementor-element-6a2ce32 elementor-align-right elementor-mobile-align-center elementor-widget elementor-widget-breadcrumbs\" data-id=\"6a2ce32\" data-element_type=\"widget\" data-e-type=\"widget\" data-widget_type=\"breadcrumbs.default\">\n\t\t\t\t\t<p id=\"breadcrumbs\"><span><span><a href=\"https:\/\/asctoastmasters.ca\/fr\/\">Accueil<\/a><\/span><\/span><\/p>\t\t\t\t<\/div>\n\t\t\t\t<\/div>\n\t\t\t\t\t<\/div>\n\t\t\t\t<\/div>\n\t\t<div class=\"elementor-element elementor-element-2d911b3 e-flex e-con-boxed e-con e-parent\" data-id=\"2d911b3\" data-element_type=\"container\" data-e-type=\"container\">\n\t\t\t\t\t<div class=\"e-con-inner\">\n\t\t\t\t<div class=\"elementor-element elementor-element-4ffe0b3 elementor-widget elementor-widget-text-editor\" data-id=\"4ffe0b3\" data-element_type=\"widget\" data-e-type=\"widget\" data-widget_type=\"text-editor.default\">\n\t\t\t\t\t\t\t\t\t<p>Que ce soit dans un cadre professionnel ou personnel, vous serez immanquabl\ufeffement amen\u00e9 \u00e0 un moment ou \u00e0 un autre \u00e0 vous exprimer devant un public. On pourra vous demander votre opinion lors d'une r\u00e9union de travail, vous devrez peut-\u00eatre vous pr\u00e9senter devant un nouveau patron ou un nouveau coll\u00e8gue, expliquer votre travail \u00e0 un client, prendre la parole pour souligner les ann\u00e9es de travail d'un coll\u00e8gue qui prend sa retraite ou simplement remercier vos amis qui vous ont fait une f\u00eate surprise pour votre anniversaire, bref, les occasions ne manquent pas.<br \/><br \/>Pour certains, cela semble si facile, alors que pour d'autres, c'est \u00e0 chaque fois terriblement difficile. Si vous \u00eates dans la seconde cat\u00e9gorie, peut-\u00eatre vous \u00eates-vous tout simplement dit que vous n'aviez pas cette habilet\u00e9 et que vous vous organisez simplement pour \u00e9viter le plus possible d'avoir \u00e0 prendre la parole. Or, les d\u00e9s ne sont pas jet\u00e9s \u00e0 la naissance. Si certains semblent avoir h\u00e9rit\u00e9 d'un don, ma\u00eetriser l'art de s'exprimer publiquement demeure \u00e0 la port\u00e9e de tous.\u00a0\u00a0<br \/><br \/>Toastmasters offre une m\u00e9thodologie et un environnement propice au d\u00e9veloppement des habilet\u00e9s de communication. Non seulement s'exprimer en public ne vous cr\u00e9era plus toute cette anxi\u00e9t\u00e9, mais une fois que vous ma\u00eetriserez cette m\u00e9thodologie, vous y prendrez plaisir. OUI, vous aussi.<\/p>\t\t\t\t\t\t\t\t<\/div>\n\t\t\t\t\t<\/div>\n\t\t\t\t<\/div>\n\t\t\t\t<\/div>","protected":false},"excerpt":{"rendered":"<p>Become a Member \u200bWhether it is in a professional or a personal environment, you will invariably be led at one time or another to speak in front of an audience. You might be asked for your opinion during a meeting, to introduce yourself in front of your new boss or a new colleague, to explain [&hellip;]<\/p>\n","protected":false},"author":1,"featured_media":0,"parent":0,"menu_order":0,"comment_status":"closed","ping_status":"closed","template":"","meta":{"footnotes":""},"class_list":["post-19","page","type-page","status-publish","hentry"],"yoast_head":"<!-- This site is optimized with the Yoast SEO plugin v27.3 - https:\/\/yoast.com\/product\/yoast-seo-wordpress\/ -->\n<title>Why Join? - Club Toastmasters ASC<\/title>\n<meta name=\"robots\" content=\"index, follow, max-snippet:-1, max-image-preview:large, max-video-preview:-1\" \/>\n<link rel=\"canonical\" href=\"https:\/\/asctoastmasters.ca\/fr\/why-join\/\" \/>\n<meta property=\"og:locale\" content=\"fr_FR\" \/>\n<meta property=\"og:type\" content=\"article\" \/>\n<meta property=\"og:title\" content=\"Why Join? - Club Toastmasters ASC\" \/>\n<meta property=\"og:description\" content=\"Become a Member \u200bWhether it is in a professional or a personal environment, you will invariably be led at one time or another to speak in front of an audience. You might be asked for your opinion during a meeting, to introduce yourself in front of your new boss or a new colleague, to explain [&hellip;]\" \/>\n<meta property=\"og:url\" content=\"https:\/\/asctoastmasters.ca\/fr\/why-join\/\" \/>\n<meta property=\"og:site_name\" content=\"Club Toastmasters ASC\" \/>\n<meta property=\"article:modified_time\" content=\"2024-03-09T15:03:30+00:00\" \/>\n<meta name=\"twitter:card\" content=\"summary_large_image\" \/>\n<meta name=\"twitter:label1\" content=\"Dur\u00e9e de lecture estim\u00e9e\" \/>\n\t<meta name=\"twitter:data1\" content=\"1 minute\" \/>\n<script type=\"application\/ld+json\" class=\"yoast-schema-graph\">{\"@context\":\"https:\\\/\\\/schema.org\",\"@graph\":[{\"@type\":\"WebPage\",\"@id\":\"https:\\\/\\\/asctoastmasters.ca\\\/fr\\\/why-join\\\/\",\"url\":\"https:\\\/\\\/asctoastmasters.ca\\\/fr\\\/why-join\\\/\",\"name\":\"Why Join? - Club Toastmasters ASC\",\"isPartOf\":{\"@id\":\"https:\\\/\\\/asctoastmasters.ca\\\/fr\\\/#website\"},\"datePublished\":\"2024-03-02T08:47:00+00:00\",\"dateModified\":\"2024-03-09T15:03:30+00:00\",\"breadcrumb\":{\"@id\":\"https:\\\/\\\/asctoastmasters.ca\\\/fr\\\/why-join\\\/#breadcrumb\"},\"inLanguage\":\"fr-FR\",\"potentialAction\":[{\"@type\":\"ReadAction\",\"target\":[\"https:\\\/\\\/asctoastmasters.ca\\\/fr\\\/why-join\\\/\"]}]},{\"@type\":\"BreadcrumbList\",\"@id\":\"https:\\\/\\\/asctoastmasters.ca\\\/fr\\\/why-join\\\/#breadcrumb\",\"itemListElement\":[{\"@type\":\"ListItem\",\"position\":1,\"name\":\"Home\",\"item\":\"https:\\\/\\\/asctoastmasters.ca\\\/fr\\\/\"},{\"@type\":\"ListItem\",\"position\":2,\"name\":\"Why Join?\"}]},{\"@type\":\"WebSite\",\"@id\":\"https:\\\/\\\/asctoastmasters.ca\\\/fr\\\/#website\",\"url\":\"https:\\\/\\\/asctoastmasters.ca\\\/fr\\\/\",\"name\":\"Club Toastmasters ASC\",\"description\":\"\",\"publisher\":{\"@id\":\"https:\\\/\\\/asctoastmasters.ca\\\/fr\\\/#organization\"},\"potentialAction\":[{\"@type\":\"SearchAction\",\"target\":{\"@type\":\"EntryPoint\",\"urlTemplate\":\"https:\\\/\\\/asctoastmasters.ca\\\/fr\\\/?s={search_term_string}\"},\"query-input\":{\"@type\":\"PropertyValueSpecification\",\"valueRequired\":true,\"valueName\":\"search_term_string\"}}],\"inLanguage\":\"fr-FR\"},{\"@type\":\"Organization\",\"@id\":\"https:\\\/\\\/asctoastmasters.ca\\\/fr\\\/#organization\",\"name\":\"Club Toastmasters ASC\",\"url\":\"https:\\\/\\\/asctoastmasters.ca\\\/fr\\\/\",\"logo\":{\"@type\":\"ImageObject\",\"inLanguage\":\"fr-FR\",\"@id\":\"https:\\\/\\\/asctoastmasters.ca\\\/fr\\\/#\\\/schema\\\/logo\\\/image\\\/\",\"url\":\"https:\\\/\\\/asctoastmasters.ca\\\/wp-content\\\/uploads\\\/2024\\\/03\\\/toastmasters-2011_orig.png\",\"contentUrl\":\"https:\\\/\\\/asctoastmasters.ca\\\/wp-content\\\/uploads\\\/2024\\\/03\\\/toastmasters-2011_orig.png\",\"width\":337,\"height\":295,\"caption\":\"Club Toastmasters ASC\"},\"image\":{\"@id\":\"https:\\\/\\\/asctoastmasters.ca\\\/fr\\\/#\\\/schema\\\/logo\\\/image\\\/\"}}]}<\/script>\n<!-- \/ Yoast SEO plugin. -->","yoast_head_json":{"title":"Why Join? - Club Toastmasters ASC","robots":{"index":"index","follow":"follow","max-snippet":"max-snippet:-1","max-image-preview":"max-image-preview:large","max-video-preview":"max-video-preview:-1"},"canonical":"https:\/\/asctoastmasters.ca\/fr\/why-join\/","og_locale":"fr_FR","og_type":"article","og_title":"Why Join? - Club Toastmasters ASC","og_description":"Become a Member \u200bWhether it is in a professional or a personal environment, you will invariably be led at one time or another to speak in front of an audience. You might be asked for your opinion during a meeting, to introduce yourself in front of your new boss or a new colleague, to explain [&hellip;]","og_url":"https:\/\/asctoastmasters.ca\/fr\/why-join\/","og_site_name":"Club Toastmasters ASC","article_modified_time":"2024-03-09T15:03:30+00:00","twitter_card":"summary_large_image","twitter_misc":{"Dur\u00e9e de lecture estim\u00e9e":"1 minute"},"schema":{"@context":"https:\/\/schema.org","@graph":[{"@type":"WebPage","@id":"https:\/\/asctoastmasters.ca\/fr\/why-join\/","url":"https:\/\/asctoastmasters.ca\/fr\/why-join\/","name":"Why Join? - Club Toastmasters ASC","isPartOf":{"@id":"https:\/\/asctoastmasters.ca\/fr\/#website"},"datePublished":"2024-03-02T08:47:00+00:00","dateModified":"2024-03-09T15:03:30+00:00","breadcrumb":{"@id":"https:\/\/asctoastmasters.ca\/fr\/why-join\/#breadcrumb"},"inLanguage":"fr-FR","potentialAction":[{"@type":"ReadAction","target":["https:\/\/asctoastmasters.ca\/fr\/why-join\/"]}]},{"@type":"BreadcrumbList","@id":"https:\/\/asctoastmasters.ca\/fr\/why-join\/#breadcrumb","itemListElement":[{"@type":"ListItem","position":1,"name":"Home","item":"https:\/\/asctoastmasters.ca\/fr\/"},{"@type":"ListItem","position":2,"name":"Why Join?"}]},{"@type":"WebSite","@id":"https:\/\/asctoastmasters.ca\/fr\/#website","url":"https:\/\/asctoastmasters.ca\/fr\/","name":"Club Toastmasters ASC","description":"","publisher":{"@id":"https:\/\/asctoastmasters.ca\/fr\/#organization"},"potentialAction":[{"@type":"SearchAction","target":{"@type":"EntryPoint","urlTemplate":"https:\/\/asctoastmasters.ca\/fr\/?s={search_term_string}"},"query-input":{"@type":"PropertyValueSpecification","valueRequired":true,"valueName":"search_term_string"}}],"inLanguage":"fr-FR"},{"@type":"Organization","@id":"https:\/\/asctoastmasters.ca\/fr\/#organization","name":"Club Toastmasters ASC","url":"https:\/\/asctoastmasters.ca\/fr\/","logo":{"@type":"ImageObject","inLanguage":"fr-FR","@id":"https:\/\/asctoastmasters.ca\/fr\/#\/schema\/logo\/image\/","url":"https:\/\/asctoastmasters.ca\/wp-content\/uploads\/2024\/03\/toastmasters-2011_orig.png","contentUrl":"https:\/\/asctoastmasters.ca\/wp-content\/uploads\/2024\/03\/toastmasters-2011_orig.png","width":337,"height":295,"caption":"Club Toastmasters ASC"},"image":{"@id":"https:\/\/asctoastmasters.ca\/fr\/#\/schema\/logo\/image\/"}}]}},"_links":{"self":[{"href":"https:\/\/asctoastmasters.ca\/fr\/wp-json\/wp\/v2\/pages\/19","targetHints":{"allow":["GET"]}}],"collection":[{"href":"https:\/\/asctoastmasters.ca\/fr\/wp-json\/wp\/v2\/pages"}],"about":[{"href":"https:\/\/asctoastmasters.ca\/fr\/wp-json\/wp\/v2\/types\/page"}],"author":[{"embeddable":true,"href":"https:\/\/asctoastmasters.ca\/fr\/wp-json\/wp\/v2\/users\/1"}],"replies":[{"embeddable":true,"href":"https:\/\/asctoastmasters.ca\/fr\/wp-json\/wp\/v2\/comments?post=19"}],"version-history":[{"count":13,"href":"https:\/\/asctoastmasters.ca\/fr\/wp-json\/wp\/v2\/pages\/19\/revisions"}],"predecessor-version":[{"id":471,"href":"https:\/\/asctoastmasters.ca\/fr\/wp-json\/wp\/v2\/pages\/19\/revisions\/471"}],"wp:attachment":[{"href":"https:\/\/asctoastmasters.ca\/fr\/wp-json\/wp\/v2\/media?parent=19"}],"curies":[{"name":"wp","href":"https:\/\/api.w.org\/{rel}","templated":true}]}}