{"id":21,"date":"2024-03-02T08:47:12","date_gmt":"2024-03-02T08:47:12","guid":{"rendered":"http:\/\/asctoastmasters.ca\/?page_id=21"},"modified":"2024-03-09T15:03:19","modified_gmt":"2024-03-09T15:03:19","slug":"first-visit","status":"publish","type":"page","link":"https:\/\/asctoastmasters.ca\/fr\/first-visit\/","title":{"rendered":"Premi\u00e8re visite"},"content":{"rendered":"<div data-elementor-type=\"wp-page\" data-elementor-id=\"21\" class=\"elementor elementor-21\" data-elementor-post-type=\"page\">\n\t\t\t\t<div class=\"elementor-element elementor-element-ae58d50 e-flex e-con-boxed e-con e-parent\" data-id=\"ae58d50\" data-element_type=\"container\" data-e-type=\"container\" data-settings=\"{&quot;background_background&quot;:&quot;classic&quot;}\">\n\t\t\t\t\t<div class=\"e-con-inner\">\n\t\t<div class=\"elementor-element elementor-element-079684e e-con-full e-flex e-con e-child\" data-id=\"079684e\" data-element_type=\"container\" data-e-type=\"container\">\n\t\t\t\t<div class=\"elementor-element elementor-element-1d5bcf6 elementor-widget elementor-widget-heading\" data-id=\"1d5bcf6\" data-element_type=\"widget\" data-e-type=\"widget\" data-widget_type=\"heading.default\">\n\t\t\t\t\t<h2 class=\"elementor-heading-title elementor-size-default\">Votre premi\u00e8re visite<\/h2>\t\t\t\t<\/div>\n\t\t\t\t<\/div>\n\t\t<div class=\"elementor-element elementor-element-9fbc990 e-con-full e-flex e-con e-child\" data-id=\"9fbc990\" data-element_type=\"container\" data-e-type=\"container\">\n\t\t\t\t<div class=\"elementor-element elementor-element-b83adc7 elementor-align-right elementor-mobile-align-center elementor-widget elementor-widget-breadcrumbs\" data-id=\"b83adc7\" data-element_type=\"widget\" data-e-type=\"widget\" data-widget_type=\"breadcrumbs.default\">\n\t\t\t\t\t<p id=\"breadcrumbs\"><span><span><a href=\"http:\/\/asctoastmasters.ca\/fr\/\">Accueil<\/a><\/span><\/span><\/p>\t\t\t\t<\/div>\n\t\t\t\t<\/div>\n\t\t\t\t\t<\/div>\n\t\t\t\t<\/div>\n\t\t<div class=\"elementor-element elementor-element-1671c84 e-flex e-con-boxed e-con e-parent\" data-id=\"1671c84\" data-element_type=\"container\" data-e-type=\"container\">\n\t\t\t\t\t<div class=\"e-con-inner\">\n\t\t\t\t<div class=\"elementor-element elementor-element-cddfae3 elementor-widget elementor-widget-text-editor\" data-id=\"cddfae3\" data-element_type=\"widget\" data-e-type=\"widget\" data-widget_type=\"text-editor.default\">\n\t\t\t\t\t\t\t\t\t<p>Vous h\u00e9sitez, vous vous demandez si c'est vraiment fait pour vous, combien \u00e7a co\u00fbte, \u00e0 quoi ressemble une session de formation?\n\nCes questionnements sont l\u00e9gitimes. C'est pourquoi, notre club vous permet d'assister gratuitement \u00e0 trois rencontres, le temps de vous faire une id\u00e9e. Cela ne vous engage \u00e0 rien et vous serez libre d'adh\u00e9rer ou pas. Cet organisme est \u00e0 but non lucratif. Tous les membres du Club souhaitent que vous ayez vous aussi la chance de profiter de cet environnement de d\u00e9veloppement personnel. Les membres qui en ont b\u00e9n\u00e9fici\u00e9 continuent de s'y \u00e9panouir. VENEZ NOUS VOIR! UNE MARCHE DE 1000 KILOM\u00c8TRES D\u00c9BUTE TOUJOURS PAR UN PREMIER PAS.\n\u200b\nAssistez gratuitement \u00e0 trois de nos rencontres\n\nNos rencontres hebdomadaires ont lieu\ntous les mercredis de 18h30 \u00e0 20h30<br \/><br \/><h4>Comment se d\u00e9roulera ma premi\u00e8re visite au Club Toastmasters ASC ?<\/h4>\n\nVous serez accueilli par nos membres et vous prendrez place pr\u00e8s d'un membre exp\u00e9riment\u00e9. Nous r\u00e9pondrons \u00e0 vos questions concernant le d\u00e9roulement de la r\u00e9union. Durant la pause de 10 minutes, vous aurez l\u2019occasion d'\u00e9changer avec tous les membres.\nChacun d'entre nous a v\u00e9cu l'exp\u00e9rience de la premi\u00e8re r\u00e9union et nous ferons en sorte de rendre votre exp\u00e9rience agr\u00e9able.  Veuillez noter que lors de la r\u00e9union vous ne serez pas oblig\u00e9 de prendre la parole si vous ne le d\u00e9sirez pas.<\/p>\t\t\t\t\t\t\t\t<\/div>\n\t\t\t\t\t<\/div>\n\t\t\t\t<\/div>\n\t\t\t\t<\/div>","protected":false},"excerpt":{"rendered":"<p>What should I expect from my first visit? \u200bYou will be welcomed by our members and you will be matched to an experienced member.\u00a0We will answer your questions about the conducted meeting. During the 10-minute break, you will have the opportunity to interact with all members. Every one among us has experienced the first meeting, [&hellip;]<\/p>\n","protected":false},"author":1,"featured_media":0,"parent":0,"menu_order":0,"comment_status":"closed","ping_status":"closed","template":"","meta":{"footnotes":""},"class_list":["post-21","page","type-page","status-publish","hentry"],"yoast_head":"<!-- This site is optimized with the Yoast SEO plugin v27.3 - https:\/\/yoast.com\/product\/yoast-seo-wordpress\/ -->\n<title>First Visit - Club Toastmasters ASC<\/title>\n<meta name=\"robots\" content=\"index, follow, max-snippet:-1, max-image-preview:large, max-video-preview:-1\" \/>\n<link rel=\"canonical\" href=\"http:\/\/asctoastmasters.ca\/fr\/first-visit\/\" \/>\n<meta property=\"og:locale\" content=\"fr_FR\" \/>\n<meta property=\"og:type\" content=\"article\" \/>\n<meta property=\"og:title\" content=\"First Visit - Club Toastmasters ASC\" \/>\n<meta property=\"og:description\" content=\"What should I expect from my first visit? \u200bYou will be welcomed by our members and you will be matched to an experienced member.\u00a0We will answer your questions about the conducted meeting. During the 10-minute break, you will have the opportunity to interact with all members. Every one among us has experienced the first meeting, [&hellip;]\" \/>\n<meta property=\"og:url\" content=\"http:\/\/asctoastmasters.ca\/fr\/first-visit\/\" \/>\n<meta property=\"og:site_name\" content=\"Club Toastmasters ASC\" \/>\n<meta property=\"article:modified_time\" content=\"2024-03-09T15:03:19+00:00\" \/>\n<meta name=\"twitter:card\" content=\"summary_large_image\" \/>\n<meta name=\"twitter:label1\" content=\"Dur\u00e9e de lecture estim\u00e9e\" \/>\n\t<meta name=\"twitter:data1\" content=\"1 minute\" \/>\n<script type=\"application\/ld+json\" class=\"yoast-schema-graph\">{\"@context\":\"https:\\\/\\\/schema.org\",\"@graph\":[{\"@type\":\"WebPage\",\"@id\":\"http:\\\/\\\/asctoastmasters.ca\\\/en\\\/first-visit\\\/\",\"url\":\"http:\\\/\\\/asctoastmasters.ca\\\/en\\\/first-visit\\\/\",\"name\":\"First Visit - Club Toastmasters ASC\",\"isPartOf\":{\"@id\":\"http:\\\/\\\/asctoastmasters.ca\\\/fr\\\/#website\"},\"datePublished\":\"2024-03-02T08:47:12+00:00\",\"dateModified\":\"2024-03-09T15:03:19+00:00\",\"breadcrumb\":{\"@id\":\"http:\\\/\\\/asctoastmasters.ca\\\/en\\\/first-visit\\\/#breadcrumb\"},\"inLanguage\":\"fr-FR\",\"potentialAction\":[{\"@type\":\"ReadAction\",\"target\":[\"http:\\\/\\\/asctoastmasters.ca\\\/en\\\/first-visit\\\/\"]}]},{\"@type\":\"BreadcrumbList\",\"@id\":\"http:\\\/\\\/asctoastmasters.ca\\\/en\\\/first-visit\\\/#breadcrumb\",\"itemListElement\":[{\"@type\":\"ListItem\",\"position\":1,\"name\":\"Home\",\"item\":\"http:\\\/\\\/asctoastmasters.ca\\\/fr\\\/\"},{\"@type\":\"ListItem\",\"position\":2,\"name\":\"First Visit\"}]},{\"@type\":\"WebSite\",\"@id\":\"http:\\\/\\\/asctoastmasters.ca\\\/fr\\\/#website\",\"url\":\"http:\\\/\\\/asctoastmasters.ca\\\/fr\\\/\",\"name\":\"Club Toastmasters ASC\",\"description\":\"\",\"publisher\":{\"@id\":\"http:\\\/\\\/asctoastmasters.ca\\\/fr\\\/#organization\"},\"potentialAction\":[{\"@type\":\"SearchAction\",\"target\":{\"@type\":\"EntryPoint\",\"urlTemplate\":\"http:\\\/\\\/asctoastmasters.ca\\\/fr\\\/?s={search_term_string}\"},\"query-input\":{\"@type\":\"PropertyValueSpecification\",\"valueRequired\":true,\"valueName\":\"search_term_string\"}}],\"inLanguage\":\"fr-FR\"},{\"@type\":\"Organization\",\"@id\":\"http:\\\/\\\/asctoastmasters.ca\\\/fr\\\/#organization\",\"name\":\"Club Toastmasters ASC\",\"url\":\"http:\\\/\\\/asctoastmasters.ca\\\/fr\\\/\",\"logo\":{\"@type\":\"ImageObject\",\"inLanguage\":\"fr-FR\",\"@id\":\"http:\\\/\\\/asctoastmasters.ca\\\/fr\\\/#\\\/schema\\\/logo\\\/image\\\/\",\"url\":\"https:\\\/\\\/asctoastmasters.ca\\\/wp-content\\\/uploads\\\/2024\\\/03\\\/toastmasters-2011_orig.png\",\"contentUrl\":\"https:\\\/\\\/asctoastmasters.ca\\\/wp-content\\\/uploads\\\/2024\\\/03\\\/toastmasters-2011_orig.png\",\"width\":337,\"height\":295,\"caption\":\"Club Toastmasters ASC\"},\"image\":{\"@id\":\"http:\\\/\\\/asctoastmasters.ca\\\/fr\\\/#\\\/schema\\\/logo\\\/image\\\/\"}}]}<\/script>\n<!-- \/ Yoast SEO plugin. -->","yoast_head_json":{"title":"First Visit - Club Toastmasters ASC","robots":{"index":"index","follow":"follow","max-snippet":"max-snippet:-1","max-image-preview":"max-image-preview:large","max-video-preview":"max-video-preview:-1"},"canonical":"http:\/\/asctoastmasters.ca\/fr\/first-visit\/","og_locale":"fr_FR","og_type":"article","og_title":"First Visit - Club Toastmasters ASC","og_description":"What should I expect from my first visit? \u200bYou will be welcomed by our members and you will be matched to an experienced member.\u00a0We will answer your questions about the conducted meeting. During the 10-minute break, you will have the opportunity to interact with all members. Every one among us has experienced the first meeting, [&hellip;]","og_url":"http:\/\/asctoastmasters.ca\/fr\/first-visit\/","og_site_name":"Club Toastmasters ASC","article_modified_time":"2024-03-09T15:03:19+00:00","twitter_card":"summary_large_image","twitter_misc":{"Dur\u00e9e de lecture estim\u00e9e":"1 minute"},"schema":{"@context":"https:\/\/schema.org","@graph":[{"@type":"WebPage","@id":"http:\/\/asctoastmasters.ca\/en\/first-visit\/","url":"http:\/\/asctoastmasters.ca\/en\/first-visit\/","name":"First Visit - Club Toastmasters ASC","isPartOf":{"@id":"http:\/\/asctoastmasters.ca\/fr\/#website"},"datePublished":"2024-03-02T08:47:12+00:00","dateModified":"2024-03-09T15:03:19+00:00","breadcrumb":{"@id":"http:\/\/asctoastmasters.ca\/en\/first-visit\/#breadcrumb"},"inLanguage":"fr-FR","potentialAction":[{"@type":"ReadAction","target":["http:\/\/asctoastmasters.ca\/en\/first-visit\/"]}]},{"@type":"BreadcrumbList","@id":"http:\/\/asctoastmasters.ca\/en\/first-visit\/#breadcrumb","itemListElement":[{"@type":"ListItem","position":1,"name":"Home","item":"http:\/\/asctoastmasters.ca\/fr\/"},{"@type":"ListItem","position":2,"name":"First Visit"}]},{"@type":"WebSite","@id":"http:\/\/asctoastmasters.ca\/fr\/#website","url":"http:\/\/asctoastmasters.ca\/fr\/","name":"Club Toastmasters ASC","description":"","publisher":{"@id":"http:\/\/asctoastmasters.ca\/fr\/#organization"},"potentialAction":[{"@type":"SearchAction","target":{"@type":"EntryPoint","urlTemplate":"http:\/\/asctoastmasters.ca\/fr\/?s={search_term_string}"},"query-input":{"@type":"PropertyValueSpecification","valueRequired":true,"valueName":"search_term_string"}}],"inLanguage":"fr-FR"},{"@type":"Organization","@id":"http:\/\/asctoastmasters.ca\/fr\/#organization","name":"Club Toastmasters ASC","url":"http:\/\/asctoastmasters.ca\/fr\/","logo":{"@type":"ImageObject","inLanguage":"fr-FR","@id":"http:\/\/asctoastmasters.ca\/fr\/#\/schema\/logo\/image\/","url":"https:\/\/asctoastmasters.ca\/wp-content\/uploads\/2024\/03\/toastmasters-2011_orig.png","contentUrl":"https:\/\/asctoastmasters.ca\/wp-content\/uploads\/2024\/03\/toastmasters-2011_orig.png","width":337,"height":295,"caption":"Club Toastmasters ASC"},"image":{"@id":"http:\/\/asctoastmasters.ca\/fr\/#\/schema\/logo\/image\/"}}]}},"_links":{"self":[{"href":"https:\/\/asctoastmasters.ca\/fr\/wp-json\/wp\/v2\/pages\/21","targetHints":{"allow":["GET"]}}],"collection":[{"href":"https:\/\/asctoastmasters.ca\/fr\/wp-json\/wp\/v2\/pages"}],"about":[{"href":"https:\/\/asctoastmasters.ca\/fr\/wp-json\/wp\/v2\/types\/page"}],"author":[{"embeddable":true,"href":"https:\/\/asctoastmasters.ca\/fr\/wp-json\/wp\/v2\/users\/1"}],"replies":[{"embeddable":true,"href":"https:\/\/asctoastmasters.ca\/fr\/wp-json\/wp\/v2\/comments?post=21"}],"version-history":[{"count":10,"href":"https:\/\/asctoastmasters.ca\/fr\/wp-json\/wp\/v2\/pages\/21\/revisions"}],"predecessor-version":[{"id":468,"href":"https:\/\/asctoastmasters.ca\/fr\/wp-json\/wp\/v2\/pages\/21\/revisions\/468"}],"wp:attachment":[{"href":"https:\/\/asctoastmasters.ca\/fr\/wp-json\/wp\/v2\/media?parent=21"}],"curies":[{"name":"wp","href":"https:\/\/api.w.org\/{rel}","templated":true}]}}