{"id":23,"date":"2024-03-02T08:47:24","date_gmt":"2024-03-02T08:47:24","guid":{"rendered":"http:\/\/asctoastmasters.ca\/?page_id=23"},"modified":"2024-10-02T15:59:40","modified_gmt":"2024-10-02T15:59:40","slug":"educational-program-pathways","status":"publish","type":"page","link":"https:\/\/asctoastmasters.ca\/fr\/educational-program-pathways\/","title":{"rendered":"Programme \u00e9ducatif (Pathways)"},"content":{"rendered":"<div data-elementor-type=\"wp-page\" data-elementor-id=\"23\" class=\"elementor elementor-23\" data-elementor-post-type=\"page\">\n\t\t\t\t<div class=\"elementor-element elementor-element-27b622b e-flex e-con-boxed e-con e-parent\" data-id=\"27b622b\" data-element_type=\"container\" data-e-type=\"container\" data-settings=\"{&quot;background_background&quot;:&quot;classic&quot;}\">\n\t\t\t\t\t<div class=\"e-con-inner\">\n\t\t<div class=\"elementor-element elementor-element-6f18988 e-con-full e-flex e-con e-child\" data-id=\"6f18988\" data-element_type=\"container\" data-e-type=\"container\">\n\t\t\t\t<div class=\"elementor-element elementor-element-58681c2 elementor-widget elementor-widget-heading\" data-id=\"58681c2\" data-element_type=\"widget\" data-e-type=\"widget\" data-widget_type=\"heading.default\">\n\t\t\t\t\t<h2 class=\"elementor-heading-title elementor-size-default\">Le programme \u00e9ducatif de Toastmasters International<\/h2>\t\t\t\t<\/div>\n\t\t\t\t<\/div>\n\t\t<div class=\"elementor-element elementor-element-94fb214 e-con-full e-flex e-con e-child\" data-id=\"94fb214\" data-element_type=\"container\" data-e-type=\"container\">\n\t\t\t\t<div class=\"elementor-element elementor-element-104801b elementor-align-right elementor-mobile-align-center elementor-widget elementor-widget-breadcrumbs\" data-id=\"104801b\" data-element_type=\"widget\" data-e-type=\"widget\" data-widget_type=\"breadcrumbs.default\">\n\t\t\t\t\t<p id=\"breadcrumbs\"><span><span><a href=\"http:\/\/asctoastmasters.ca\/fr\/\">Accueil<\/a><\/span><\/span><\/p>\t\t\t\t<\/div>\n\t\t\t\t<\/div>\n\t\t\t\t\t<\/div>\n\t\t\t\t<\/div>\n\t\t<div class=\"elementor-element elementor-element-1bf305a e-flex e-con-boxed e-con e-parent\" data-id=\"1bf305a\" data-element_type=\"container\" data-e-type=\"container\">\n\t\t\t\t\t<div class=\"e-con-inner\">\n\t\t\t\t<div class=\"elementor-element elementor-element-0e3b380 elementor-widget elementor-widget-text-editor\" data-id=\"0e3b380\" data-element_type=\"widget\" data-e-type=\"widget\" data-widget_type=\"text-editor.default\">\n\t\t\t\t\t\t\t\t\t<h2 class=\"paragraph\">Programme \u00e9ducatif<strong><br><\/strong><\/h2>\n<div class=\"paragraph\">\n<p>Le nouveau programme \u00e9ducatif Pathways de Toastmasters est un moyen excitant, flexible et interactive de d\u00e9velopper les habilet\u00e9s dont vous avez besoin pour r\u00e9ussir. Pathways vous offre:<\/p>\n<ul>\n<li>La possibilit\u00e9 de d\u00e9velopper jusqu'\u00e0 300 comp\u00e9tences uniques<\/li>\n<li>6 parcours d'apprentissage sp\u00e9cialis\u00e9s parmi lesquels choisir en fonction de vos int\u00e9r\u00eats et de vos besoins<\/li>\n<li>Le contenu en ligne vous permettant d\u2019apprendre n\u2019importe quand, n\u2019importe o\u00f9<\/li>\n<li>Le d\u00e9veloppement d\u2019habilet\u00e9s transf\u00e9rables dans la vie r\u00e9elle<\/li>\n<\/ul>\n<h5>Par exemple, Toastmasters peut vous aider \u00e0:<\/h5>\n<ul>\n<li>Parler devant un groupe avec plus de facilit\u00e9<\/li>\n<li>Rehausser la qualit\u00e9 de vos pr\u00e9sentations professionnelles<\/li>\n<li>Mieux structurer votre pens\u00e9e afin de livrer des messages clairs, concis et persuasifs<\/li>\n<li>\u00catre plus \u00e0 l'aise lors d\u2019interventions improvis\u00e9es<\/li>\n<li>D\u00e9velopper votre leadership afin de mieux \u00e9couter, guider, \u00e9valuer, motiver et inspirer<\/li>\n<\/ul>\n<\/div>\n<h2>Les parcours Pathways<\/h2>\n<h5><b>1. Leadership dynamique<\/b><\/h5>\n<div class=\"paragraph\">\n<p>Vous aide \u00e0 acqu\u00e9rir les comp\u00e9tences n\u00e9cessaires pour \u00eatre un leader strat\u00e9gique. Les projets de ce parcours portent sur la compr\u00e9hension des styles de leadership et de communication, les effets d'un conflit sur un groupe et les comp\u00e9tences n\u00e9cessaires pour d\u00e9samorcer et orienter un conflit. Ces projets mettent aussi l'accent sur le d\u00e9veloppement de strat\u00e9gies pour faciliter le changement dans une organisation ou un groupe, la communication interpersonnelle et la prise de la parole en public. Ce parcours prend fin avec un projet visant la mise en pratique de vos comp\u00e9tences en leadership. *Non disponible sous format papier dans d\u2019autres langues que l'anglais.*<\/p>\n<p><b><span style=\"font-family: inherit; font-size: 1.25rem; text-align: var(--text-align);\">2. Strat\u00e9gies de motivation<\/span><br><\/b><\/p>\n<p>Ce parcours vous aide \u00e0 d\u00e9velopper vos comp\u00e9tences en tant que communicateur puissant et efficace. Les projets se concentrent sur des strat\u00e9gies d'apprentissage pour \u00e9tablir des liens avec les personnes qui vous entourent, comprendre la motivation et diriger avec succ\u00e8s de petits groupes pour accomplir des t\u00e2ches. Ce parcours se termine par un projet complet de consolidation d\u2019\u00e9quipe qui rassemble toutes vos comp\u00e9tences, y compris la prise de parole en public. *Non disponible dans les documents imprim\u00e9s.<\/p>\n<h5><span style=\"color: #c23b3b;\"><b><span style=\"color: #2d2828;\">3. Persuasion influente<\/span><br><\/b><\/span><\/h5>\n<p>Vous aide \u00e0 acqu\u00e9rir les comp\u00e9tences d'un communicateur et leader innovant. Les projets de ce parcours portent sur la mani\u00e8re de n\u00e9gocier un r\u00e9sultat positif tout en d\u00e9veloppant de bonnes comp\u00e9tences en mati\u00e8re de communication interpersonnelle et de prise de parole en public. Chaque projet porte sur le d\u00e9veloppement de comp\u00e9tences de leadership \u00e0 utiliser dans des situations complexes, ainsi que sur la cr\u00e9ation de solutions innovantes face aux difficult\u00e9s. Ce parcours prend fin avec votre conception d'un projet de \u00ab Leadership de haut niveau \u00bb. \n*Non disponible sous format papier.*<\/p>\n<h5><span style=\"color: #2d2828;\"><b>4. Ma\u00eetriser les pr\u00e9sentations<\/b><\/span><\/h5>\n<p>Ce parcours vous aide \u00e0 d\u00e9velopper vos comp\u00e9tences en tant qu\u2019orateur public accompli. Les projets de ce parcours se concentrent sur l'apprentissage de la fa\u00e7on dont un public vous r\u00e9pond et sur l'am\u00e9lioration de votre connexion avec les membres du public. Les projets contribuent \u00e0 d\u00e9velopper une compr\u00e9hension des techniques efficaces de prise de parole en public, y compris la r\u00e9daction et la d\u00e9livrance du discours. Ce parcours se termine par un discours prolong\u00e9 qui vous permettra de mettre en pratique ce que vous avez appris.<\/p>\n<h5><b><span style=\"font-family: inherit; font-size: 1.25rem; text-align: var(--text-align); color: var( --e-global-color-text );\">5. Communication visionnaire<\/span><br><\/b><\/h5>\n<p>Ce parcours vous aide \u00e0 d\u00e9velopper vos comp\u00e9tences en tant que communicateur strat\u00e9gique et leader. Les projets de ce parcours se concentrent sur le d\u00e9veloppement de vos comp\u00e9tences pour partager des informations avec un groupe, planifier des communications et cr\u00e9er des solutions innovantes. La r\u00e9daction et la d\u00e9livrance du discours sont mises en avant dans chaque projet. Ce parcours aboutit \u00e0 l\u2019\u00e9laboration et au lancement d\u2019une vision personnelle ou professionnelle \u00e0 long terme. *Non disponible dans les documents imprim\u00e9s.<\/p>\n<h5><span style=\"color: #c23b3b;\"><b><span style=\"color: #2d2828;\">6. Engager l\u2019humour<\/span><br><\/b><\/span><\/h5>\n<p>\u200bCe chemin est con\u00e7u pour vous aider \u00e0 d\u00e9velopper vos comp\u00e9tences en tant que conf\u00e9rencier humoristique et engageant. Les projets de ce parcours visent \u00e0 comprendre votre sens de l'humour et \u00e0 comprendre comment ce sens de l'humour se traduit par l'engagement des membres de l'auditoire. Les projets contribuent \u00e0 d\u00e9velopper une compr\u00e9hension de la fa\u00e7on d'utiliser efficacement l'humour dans un discours, y compris des situations difficiles et des discours impromptus. Ce chemin aboutit \u00e0 un discours humoristique prolong\u00e9 qui vous permettra d\u2019appliquer ce que vous avez appris. Non disponible dans les documents imprim\u00e9s.*<\/p>\n<p>Toastmasters Internaltional<br>www.toastmasters.org<\/p>\n<p><span style=\"color: #2d2828;\">District 61<\/span><br><a href=\"http:\/\/www.tmd61.com\/\" target=\"_blank\" rel=\"noopener\">www.tmd61.com<\/a><\/p>\n<\/div>\t\t\t\t\t\t\t\t<\/div>\n\t\t\t\t\t<\/div>\n\t\t\t\t<\/div>\n\t\t\t\t<\/div>","protected":false},"excerpt":{"rendered":"<p>The Educational program of \u200bToastmasters International Educational program The new Pathways educational program of Toastmasters is an exciting, flexible and interactive way to develop the skills that you need to succeed. Pathways gives you: The opportunity to build&nbsp; up to 300 unique competencies 6 specialized learning paths to choose from depending on your interests and [&hellip;]<\/p>\n","protected":false},"author":1,"featured_media":0,"parent":0,"menu_order":0,"comment_status":"closed","ping_status":"closed","template":"","meta":{"footnotes":""},"class_list":["post-23","page","type-page","status-publish","hentry"],"yoast_head":"<!-- This site is optimized with the Yoast SEO plugin v27.4 - https:\/\/yoast.com\/product\/yoast-seo-wordpress\/ -->\n<title>Educational Program (Pathways) - Club Toastmasters ASC<\/title>\n<meta name=\"robots\" content=\"index, follow, max-snippet:-1, max-image-preview:large, max-video-preview:-1\" \/>\n<link rel=\"canonical\" href=\"http:\/\/asctoastmasters.ca\/fr\/educational-program-pathways\/\" \/>\n<meta property=\"og:locale\" content=\"fr_FR\" \/>\n<meta property=\"og:type\" content=\"article\" \/>\n<meta property=\"og:title\" content=\"Educational Program (Pathways) - Club Toastmasters ASC\" \/>\n<meta property=\"og:description\" content=\"The Educational program of \u200bToastmasters International Educational program The new Pathways educational program of Toastmasters is an exciting, flexible and interactive way to develop the skills that you need to succeed. Pathways gives you: The opportunity to build&nbsp; up to 300 unique competencies 6 specialized learning paths to choose from depending on your interests and [&hellip;]\" \/>\n<meta property=\"og:url\" content=\"http:\/\/asctoastmasters.ca\/fr\/educational-program-pathways\/\" \/>\n<meta property=\"og:site_name\" content=\"Club Toastmasters ASC\" \/>\n<meta property=\"article:modified_time\" content=\"2024-10-02T15:59:40+00:00\" \/>\n<meta name=\"twitter:card\" content=\"summary_large_image\" \/>\n<meta name=\"twitter:label1\" content=\"Dur\u00e9e de lecture estim\u00e9e\" \/>\n\t<meta name=\"twitter:data1\" content=\"3 minutes\" \/>\n<script type=\"application\/ld+json\" class=\"yoast-schema-graph\">{\"@context\":\"https:\\\/\\\/schema.org\",\"@graph\":[{\"@type\":\"WebPage\",\"@id\":\"http:\\\/\\\/asctoastmasters.ca\\\/fr\\\/educational-program-pathways\\\/\",\"url\":\"http:\\\/\\\/asctoastmasters.ca\\\/fr\\\/educational-program-pathways\\\/\",\"name\":\"Educational Program (Pathways) - Club Toastmasters ASC\",\"isPartOf\":{\"@id\":\"http:\\\/\\\/asctoastmasters.ca\\\/fr\\\/#website\"},\"datePublished\":\"2024-03-02T08:47:24+00:00\",\"dateModified\":\"2024-10-02T15:59:40+00:00\",\"breadcrumb\":{\"@id\":\"http:\\\/\\\/asctoastmasters.ca\\\/fr\\\/educational-program-pathways\\\/#breadcrumb\"},\"inLanguage\":\"fr-FR\",\"potentialAction\":[{\"@type\":\"ReadAction\",\"target\":[\"http:\\\/\\\/asctoastmasters.ca\\\/fr\\\/educational-program-pathways\\\/\"]}]},{\"@type\":\"BreadcrumbList\",\"@id\":\"http:\\\/\\\/asctoastmasters.ca\\\/fr\\\/educational-program-pathways\\\/#breadcrumb\",\"itemListElement\":[{\"@type\":\"ListItem\",\"position\":1,\"name\":\"Home\",\"item\":\"http:\\\/\\\/asctoastmasters.ca\\\/fr\\\/\"},{\"@type\":\"ListItem\",\"position\":2,\"name\":\"Educational Program (Pathways)\"}]},{\"@type\":\"WebSite\",\"@id\":\"http:\\\/\\\/asctoastmasters.ca\\\/fr\\\/#website\",\"url\":\"http:\\\/\\\/asctoastmasters.ca\\\/fr\\\/\",\"name\":\"Club Toastmasters ASC\",\"description\":\"\",\"publisher\":{\"@id\":\"http:\\\/\\\/asctoastmasters.ca\\\/fr\\\/#organization\"},\"potentialAction\":[{\"@type\":\"SearchAction\",\"target\":{\"@type\":\"EntryPoint\",\"urlTemplate\":\"http:\\\/\\\/asctoastmasters.ca\\\/fr\\\/?s={search_term_string}\"},\"query-input\":{\"@type\":\"PropertyValueSpecification\",\"valueRequired\":true,\"valueName\":\"search_term_string\"}}],\"inLanguage\":\"fr-FR\"},{\"@type\":\"Organization\",\"@id\":\"http:\\\/\\\/asctoastmasters.ca\\\/fr\\\/#organization\",\"name\":\"Club Toastmasters ASC\",\"url\":\"http:\\\/\\\/asctoastmasters.ca\\\/fr\\\/\",\"logo\":{\"@type\":\"ImageObject\",\"inLanguage\":\"fr-FR\",\"@id\":\"http:\\\/\\\/asctoastmasters.ca\\\/fr\\\/#\\\/schema\\\/logo\\\/image\\\/\",\"url\":\"https:\\\/\\\/asctoastmasters.ca\\\/wp-content\\\/uploads\\\/2024\\\/03\\\/toastmasters-2011_orig.png\",\"contentUrl\":\"https:\\\/\\\/asctoastmasters.ca\\\/wp-content\\\/uploads\\\/2024\\\/03\\\/toastmasters-2011_orig.png\",\"width\":337,\"height\":295,\"caption\":\"Club Toastmasters ASC\"},\"image\":{\"@id\":\"http:\\\/\\\/asctoastmasters.ca\\\/fr\\\/#\\\/schema\\\/logo\\\/image\\\/\"}}]}<\/script>\n<!-- \/ Yoast SEO plugin. -->","yoast_head_json":{"title":"Educational Program (Pathways) - Club Toastmasters ASC","robots":{"index":"index","follow":"follow","max-snippet":"max-snippet:-1","max-image-preview":"max-image-preview:large","max-video-preview":"max-video-preview:-1"},"canonical":"http:\/\/asctoastmasters.ca\/fr\/educational-program-pathways\/","og_locale":"fr_FR","og_type":"article","og_title":"Educational Program (Pathways) - Club Toastmasters ASC","og_description":"The Educational program of \u200bToastmasters International Educational program The new Pathways educational program of Toastmasters is an exciting, flexible and interactive way to develop the skills that you need to succeed. Pathways gives you: The opportunity to build&nbsp; up to 300 unique competencies 6 specialized learning paths to choose from depending on your interests and [&hellip;]","og_url":"http:\/\/asctoastmasters.ca\/fr\/educational-program-pathways\/","og_site_name":"Club Toastmasters ASC","article_modified_time":"2024-10-02T15:59:40+00:00","twitter_card":"summary_large_image","twitter_misc":{"Dur\u00e9e de lecture estim\u00e9e":"3 minutes"},"schema":{"@context":"https:\/\/schema.org","@graph":[{"@type":"WebPage","@id":"http:\/\/asctoastmasters.ca\/fr\/educational-program-pathways\/","url":"http:\/\/asctoastmasters.ca\/fr\/educational-program-pathways\/","name":"Educational Program (Pathways) - Club Toastmasters ASC","isPartOf":{"@id":"http:\/\/asctoastmasters.ca\/fr\/#website"},"datePublished":"2024-03-02T08:47:24+00:00","dateModified":"2024-10-02T15:59:40+00:00","breadcrumb":{"@id":"http:\/\/asctoastmasters.ca\/fr\/educational-program-pathways\/#breadcrumb"},"inLanguage":"fr-FR","potentialAction":[{"@type":"ReadAction","target":["http:\/\/asctoastmasters.ca\/fr\/educational-program-pathways\/"]}]},{"@type":"BreadcrumbList","@id":"http:\/\/asctoastmasters.ca\/fr\/educational-program-pathways\/#breadcrumb","itemListElement":[{"@type":"ListItem","position":1,"name":"Home","item":"http:\/\/asctoastmasters.ca\/fr\/"},{"@type":"ListItem","position":2,"name":"Educational Program (Pathways)"}]},{"@type":"WebSite","@id":"http:\/\/asctoastmasters.ca\/fr\/#website","url":"http:\/\/asctoastmasters.ca\/fr\/","name":"Club Toastmasters ASC","description":"","publisher":{"@id":"http:\/\/asctoastmasters.ca\/fr\/#organization"},"potentialAction":[{"@type":"SearchAction","target":{"@type":"EntryPoint","urlTemplate":"http:\/\/asctoastmasters.ca\/fr\/?s={search_term_string}"},"query-input":{"@type":"PropertyValueSpecification","valueRequired":true,"valueName":"search_term_string"}}],"inLanguage":"fr-FR"},{"@type":"Organization","@id":"http:\/\/asctoastmasters.ca\/fr\/#organization","name":"Club Toastmasters ASC","url":"http:\/\/asctoastmasters.ca\/fr\/","logo":{"@type":"ImageObject","inLanguage":"fr-FR","@id":"http:\/\/asctoastmasters.ca\/fr\/#\/schema\/logo\/image\/","url":"https:\/\/asctoastmasters.ca\/wp-content\/uploads\/2024\/03\/toastmasters-2011_orig.png","contentUrl":"https:\/\/asctoastmasters.ca\/wp-content\/uploads\/2024\/03\/toastmasters-2011_orig.png","width":337,"height":295,"caption":"Club Toastmasters ASC"},"image":{"@id":"http:\/\/asctoastmasters.ca\/fr\/#\/schema\/logo\/image\/"}}]}},"_links":{"self":[{"href":"https:\/\/asctoastmasters.ca\/fr\/wp-json\/wp\/v2\/pages\/23","targetHints":{"allow":["GET"]}}],"collection":[{"href":"https:\/\/asctoastmasters.ca\/fr\/wp-json\/wp\/v2\/pages"}],"about":[{"href":"https:\/\/asctoastmasters.ca\/fr\/wp-json\/wp\/v2\/types\/page"}],"author":[{"embeddable":true,"href":"https:\/\/asctoastmasters.ca\/fr\/wp-json\/wp\/v2\/users\/1"}],"replies":[{"embeddable":true,"href":"https:\/\/asctoastmasters.ca\/fr\/wp-json\/wp\/v2\/comments?post=23"}],"version-history":[{"count":20,"href":"https:\/\/asctoastmasters.ca\/fr\/wp-json\/wp\/v2\/pages\/23\/revisions"}],"predecessor-version":[{"id":1097,"href":"https:\/\/asctoastmasters.ca\/fr\/wp-json\/wp\/v2\/pages\/23\/revisions\/1097"}],"wp:attachment":[{"href":"https:\/\/asctoastmasters.ca\/fr\/wp-json\/wp\/v2\/media?parent=23"}],"curies":[{"name":"wp","href":"https:\/\/api.w.org\/{rel}","templated":true}]}}